{"id":2343,"date":"2023-09-04T10:22:09","date_gmt":"2023-09-04T10:22:09","guid":{"rendered":"https:\/\/decorabalaguer.es\/contacto\/pedir-presupuesto\/"},"modified":"2023-09-04T13:57:21","modified_gmt":"2023-09-04T13:57:21","slug":"pedir-presupuesto","status":"publish","type":"page","link":"https:\/\/decorabalaguer.es\/es\/contacto\/pedir-presupuesto\/","title":{"rendered":"Pedir presupuesto"},"content":{"rendered":"<p><div class=\"fusion-fullwidth fullwidth-box fusion-builder-row-1 fusion-flex-container nonhundred-percent-fullwidth non-hundred-percent-height-scrolling\" style=\"--awb-border-radius-top-left:0px;--awb-border-radius-top-right:0px;--awb-border-radius-bottom-right:0px;--awb-border-radius-bottom-left:0px;--awb-padding-top:50px;--awb-padding-bottom:50px;--awb-padding-top-small:0px;--awb-flex-wrap:wrap;\" ><div class=\"fusion-builder-row fusion-row fusion-flex-align-items-flex-start fusion-flex-justify-content-center fusion-flex-content-wrap\" style=\"max-width:calc( 1200px + 80px );margin-left: calc(-80px \/ 2 );margin-right: calc(-80px \/ 2 );\"><div class=\"fusion-layout-column fusion_builder_column fusion-builder-column-0 fusion_builder_column_4_5 4_5 fusion-flex-column fusion-flex-align-self-center fusion-animated\" style=\"--awb-padding-bottom:51px;--awb-padding-top-small:41px;--awb-bg-size:cover;--awb-width-large:80%;--awb-margin-top-large:0px;--awb-spacing-right-large:40px;--awb-margin-bottom-large:0px;--awb-spacing-left-large:0px;--awb-width-medium:80%;--awb-order-medium:0;--awb-spacing-right-medium:40px;--awb-spacing-left-medium:0px;--awb-width-small:100%;--awb-order-small:1;--awb-spacing-right-small:40px;--awb-spacing-left-small:40px;\" data-animationType=\"fadeInUp\" data-animationDuration=\"1.5\" data-animationOffset=\"top-into-view\"><div class=\"fusion-column-wrapper fusion-column-has-shadow fusion-flex-justify-content-center fusion-content-layout-column\"><div class=\"fusion-title title fusion-title-1 fusion-sep-none fusion-title-center fusion-title-text fusion-title-size-two\" style=\"--awb-text-color:rgba(0,0,0,0.05);--awb-margin-top:-10px;--awb-margin-bottom:30px;--awb-margin-bottom-small:30px;--awb-font-size:60px;\"><h2 class=\"fusion-title-heading title-heading-center\" style=\"margin:0;font-size:1em;letter-spacing:-1px;text-transform:uppercase;\">Pedir un<\/h2><\/div><div class=\"fusion-title title fusion-title-2 fusion-sep-none fusion-title-center fusion-title-text fusion-title-size-two\" style=\"--awb-text-color:var(--awb-color8);--awb-margin-top:-70px;--awb-margin-bottom:30px;--awb-margin-top-small:-75px;--awb-margin-bottom-small:30px;--awb-font-size:45px;\"><h2 class=\"fusion-title-heading title-heading-center\" style=\"margin:0;font-size:1em;letter-spacing:-1px;text-transform:none;\">Presupuesto<\/h2><\/div><div class=\"fusion-image-element \" style=\"text-align:center;--awb-margin-top:-10px;--awb-margin-bottom:50px;--awb-max-width:100px;--awb-caption-title-font-family:var(--h2_typography-font-family);--awb-caption-title-font-weight:var(--h2_typography-font-weight);--awb-caption-title-font-style:var(--h2_typography-font-style);--awb-caption-title-size:var(--h2_typography-font-size);--awb-caption-title-transform:var(--h2_typography-text-transform);--awb-caption-title-line-height:var(--h2_typography-line-height);--awb-caption-title-letter-spacing:var(--h2_typography-letter-spacing);\"><span class=\" fusion-imageframe imageframe-none imageframe-1 hover-type-none\"><img decoding=\"async\" width=\"2560\" height=\"614\" title=\"Linia_png\" src=\"data:image\/svg+xml,%3Csvg%20xmlns%3D%27http%3A%2F%2Fwww.w3.org%2F2000%2Fsvg%27%20width%3D%272560%27%20height%3D%27614%27%20viewBox%3D%270%200%202560%20614%27%3E%3Crect%20width%3D%272560%27%20height%3D%27614%27%20fill-opacity%3D%220%22%2F%3E%3C%2Fsvg%3E\" data-orig-src=\"https:\/\/decorabalaguer.es\/wp-content\/uploads\/2023\/07\/Linia_png.png\" alt class=\"lazyload img-responsive wp-image-2158\"\/><\/span><\/div><div class=\"fusion-text fusion-text-1\" style=\"--awb-content-alignment:center;\"><p>En Decora Balaguer, entendemos que cada proyecto de decoraci\u00f3n es \u00fanico y merece una atenci\u00f3n personalizada. Estamos aqu\u00ed para ayudarle a llevar a cabo tu sue\u00f1o de decoraci\u00f3n. Solicita tu presupuesto personalizado hoy y empezamos a hacer realidad tu proyecto.<\/p>\n<p>Ya sea una renovaci\u00f3n completa, una actualizaci\u00f3n parcial o simplemente necesites consejos sobre colores y materiales, nuestro equipo de expertos est\u00e1 a tu disposici\u00f3n. Rellena el formulario de solicitud de presupuesto con los detalles de tu proyecto y tus preferencias, asegurando proporcionarte una selecci\u00f3n de productos que se ajusten a tu estilo y presupuesto.<\/p>\n<\/div><\/div><\/div><div class=\"fusion-layout-column fusion_builder_column fusion-builder-column-1 fusion_builder_column_4_5 4_5 fusion-flex-column fusion-animated\" style=\"--awb-bg-color:var(--awb-color1);--awb-bg-color-hover:var(--awb-color1);--awb-bg-size:cover;--awb-width-large:80%;--awb-margin-top-large:0px;--awb-spacing-right-large:40px;--awb-margin-bottom-large:0px;--awb-spacing-left-large:40px;--awb-width-medium:80%;--awb-order-medium:0;--awb-spacing-right-medium:40px;--awb-spacing-left-medium:40px;--awb-width-small:100%;--awb-order-small:2;--awb-spacing-right-small:40px;--awb-spacing-left-small:40px;\" data-animationType=\"fadeInUp\" data-animationDuration=\"1.5\" data-animationOffset=\"top-into-view\"><div class=\"fusion-column-wrapper fusion-column-has-shadow fusion-flex-justify-content-flex-start fusion-content-layout-column\">\n<div class=\"wpcf7 no-js\" id=\"wpcf7-f2381-o1\" lang=\"es-ES\" dir=\"ltr\">\n<div class=\"screen-reader-response\"><p role=\"status\" aria-live=\"polite\" aria-atomic=\"true\"><\/p> <ul><\/ul><\/div>\n<form action=\"\/es\/wp-json\/wp\/v2\/pages\/2343#wpcf7-f2381-o1\" method=\"post\" class=\"wpcf7-form init\" aria-label=\"Formulario de contacto\" novalidate=\"novalidate\" data-status=\"init\">\n<div style=\"display: none;\">\n<input type=\"hidden\" name=\"_wpcf7\" value=\"2381\" \/>\n<input type=\"hidden\" name=\"_wpcf7_version\" value=\"5.8\" \/>\n<input type=\"hidden\" name=\"_wpcf7_locale\" value=\"es_ES\" \/>\n<input type=\"hidden\" name=\"_wpcf7_unit_tag\" value=\"wpcf7-f2381-o1\" \/>\n<input type=\"hidden\" name=\"_wpcf7_container_post\" value=\"0\" \/>\n<input type=\"hidden\" name=\"_wpcf7_posted_data_hash\" value=\"\" \/>\n<input type=\"hidden\" name=\"_wpcf7_recaptcha_response\" value=\"\" \/>\n<\/div>\n<div style=\"display:flex\">\n\t<div style=\"width:49%;margin-right:10px;\">\n\t\t<p><label> Nom i cognom<br \/>\n<span class=\"wpcf7-form-control-wrap\" data-name=\"your-name\"><input size=\"40\" class=\"wpcf7-form-control wpcf7-text wpcf7-validates-as-required\" aria-required=\"true\" aria-invalid=\"false\" value=\"\" type=\"text\" name=\"your-name\" \/><\/span> <\/label>\n\t\t<\/p>\n\t<\/div>\n\t<div style=\"width:49%;margin-left:10px;\">\n\t\t<p><label> Asunto<br \/>\n<span class=\"wpcf7-form-control-wrap\" data-name=\"your-subject\"><input size=\"40\" class=\"wpcf7-form-control wpcf7-text wpcf7-validates-as-required\" aria-required=\"true\" aria-invalid=\"false\" value=\"\" type=\"text\" name=\"your-subject\" \/><\/span> <\/label>\n\t\t<\/p>\n\t<\/div>\n<\/div>\n<div style=\"display:flex\">\n\t<div style=\"width:49%;margin-right:10px;\">\n\t\t<p><label> Direcci\u00f3n electr\u00f3nica<br \/>\n<span class=\"wpcf7-form-control-wrap\" data-name=\"your-email\"><input size=\"40\" class=\"wpcf7-form-control wpcf7-email wpcf7-validates-as-required wpcf7-text wpcf7-validates-as-email\" aria-required=\"true\" aria-invalid=\"false\" value=\"\" type=\"email\" name=\"your-email\" \/><\/span> <\/label>\n\t\t<\/p>\n\t<\/div>\n\t<div style=\"width:49%;margin-left:10px;\">\n\t\t<p><label> Tel\u00e9fono<br \/>\n<span class=\"wpcf7-form-control-wrap\" data-name=\"tel-250\"><input size=\"40\" class=\"wpcf7-form-control wpcf7-tel wpcf7-validates-as-required wpcf7-text wpcf7-validates-as-tel\" aria-required=\"true\" aria-invalid=\"false\" value=\"\" type=\"tel\" name=\"tel-250\" \/><\/span> <\/label>\n\t\t<\/p>\n\t<\/div>\n<\/div>\n<div style=\"display:flex\">\n\t<div style=\"width:49%;margin-right:10px;\">\n\t\t<p><label> \u00bfPor qu\u00e9 quieres contactar con nosotros?<br \/>\n<span class=\"wpcf7-form-control-wrap\" data-name=\"menu-26\"><select class=\"wpcf7-form-control wpcf7-select wpcf7-validates-as-required\" aria-required=\"true\" aria-invalid=\"false\" name=\"menu-26\"><option value=\"Proveidor\">Proveidor<\/option><option value=\"Dubtes\">Dubtes<\/option><option value=\"Informaci\u00f3\">Informaci\u00f3<\/option><option value=\"Producte\">Producte<\/option><\/select><\/span> <\/label>\n\t\t<\/p>\n\t<\/div>\n\t<div style=\"width:49%;margin-left:10px;\">\n\t\t<p><label> \u00bfSobre qu\u00e9 sector?<br \/>\n<span class=\"wpcf7-form-control-wrap\" data-name=\"menu-447\"><select class=\"wpcf7-form-control wpcf7-select wpcf7-validates-as-required\" aria-required=\"true\" aria-invalid=\"false\" name=\"menu-447\"><option value=\"-\">-<\/option><option value=\"Pintura\">Pintura<\/option><option value=\"Decoraci\u00f3\">Decoraci\u00f3<\/option><option value=\"Complements\">Complements<\/option><option value=\"Restauraci\u00f3\">Restauraci\u00f3<\/option><\/select><\/span> <\/label>\n\t\t<\/p>\n\t<\/div>\n<\/div>\n<p><label> Mensaje<br \/>\n<span class=\"wpcf7-form-control-wrap\" data-name=\"your-message\"><textarea cols=\"40\" rows=\"10\" class=\"wpcf7-form-control wpcf7-textarea\" aria-invalid=\"false\" name=\"your-message\"><\/textarea><\/span> <\/label>\n<\/p>\n<p><input class=\"wpcf7-form-control wpcf7-submit has-spinner\" type=\"submit\" value=\"Enviar\" \/>\n<\/p><div class=\"fusion-alert alert custom alert-custom fusion-alert-center wpcf7-response-output awb-alert-native-link-color alert-dismissable awb-alert-close-boxed\" style=\"--awb-border-size:1px;--awb-border-top-left-radius:0px;--awb-border-top-right-radius:0px;--awb-border-bottom-left-radius:0px;\" role=\"alert\"><div class=\"fusion-alert-content-wrapper\"><span class=\"fusion-alert-content\"><\/span><\/div><button type=\"button\" class=\"close toggle-alert\" data-dismiss=\"alert\" aria-label=\"Close\">&times;<\/button><\/div>\n<\/form>\n<\/div>\n<\/div><\/div><\/div><\/div><div class=\"fusion-fullwidth fullwidth-box fusion-builder-row-2 fusion-flex-container nonhundred-percent-fullwidth non-hundred-percent-height-scrolling\" style=\"--awb-border-radius-top-left:0px;--awb-border-radius-top-right:0px;--awb-border-radius-bottom-right:0px;--awb-border-radius-bottom-left:0px;--awb-padding-top:0px;--awb-padding-bottom:0px;--awb-padding-top-medium:70px;--awb-padding-bottom-medium:70px;--awb-padding-top-small:50px;--awb-padding-bottom-small:0px;--awb-flex-wrap:wrap;\" ><div class=\"fusion-builder-row fusion-row fusion-flex-align-items-flex-start fusion-flex-content-wrap\" style=\"max-width:calc( 1200px + 0px );margin-left: calc(-0px \/ 2 );margin-right: calc(-0px \/ 2 );\"><div class=\"fusion-layout-column fusion_builder_column fusion-builder-column-2 fusion_builder_column_1_1 1_1 fusion-flex-column\" style=\"--awb-bg-size:cover;--awb-width-large:100%;--awb-margin-top-large:0px;--awb-spacing-right-large:0;--awb-margin-bottom-large:0px;--awb-spacing-left-large:0;--awb-width-medium:100%;--awb-order-medium:0;--awb-spacing-right-medium:0;--awb-spacing-left-medium:0;--awb-width-small:100%;--awb-order-small:0;--awb-spacing-right-small:0;--awb-spacing-left-small:0;\"><div class=\"fusion-column-wrapper fusion-column-has-shadow fusion-flex-justify-content-flex-start fusion-content-layout-column\"><div class=\"fusion-section-separator section-separator paint fusion-section-separator-1\" style=\"--awb-spacer-height:80px;--awb-bg-size:100% 100%;--awb-bg-size-medium:100% 100%;--awb-bg-size-small:100% 100%;\"><div class=\"fusion-section-separator-svg\"><div class=\"fusion-paint-candy-sep fusion-section-separator-svg-bg\" style=\"background-image:url( data:image\/svg+xml;utf8,%3Csvg%20xmlns%3D%22http%3A%2F%2Fwww.w3.org%2F2000%2Fsvg%22%20version%3D%221.1%22%20width%3D%22100%25%22%20viewBox%3D%220%200%201803%2080%22%20preserveAspectRatio%3D%22none%22%20fill%3D%22rgba%280%2C0%2C0%2C1%29%22%3E%3Cpath%20fill-rule%3D%22evenodd%22%20clip-rule%3D%22evenodd%22%20d%3D%22M0%2080H1803V26C1784.41%2025.8996%201762.68%209.75718%201738.97%209.57099C1693.26%207.04734%201626.64%205%201620%205C1613.36%205%201618.69%206.38627%201635.43%208.57938C1519.69%207.26321%201396.35%205.10623%201357.8%202.00005C1283.33%20-3.99995%20628.99%2011.0001%20613.147%2019.0001C611.092%2020.0374%20598.481%2019.7347%20581.75%2019.333C565.698%2018.9477%20545.856%2018.4714%20527.905%2019.0001C484.229%2017.4357%20343.332%2026.7%20339%2027.5C335.893%2028.0739%20354.583%2028.5402%20379.722%2029.1674C389.625%2029.4145%20400.529%2029.6866%20411.495%2030C300.112%2032.3341%20233.922%2025.2149%20204.382%2019.0001C170.16%2011.8001%2053.8682%2019.3334%200%2026.0001V80ZM931.932%2015C986.631%2011.7818%201105.82%206.01373%201144.97%208.68733C1158.02%209.57804%201148.42%209.68297%201126.58%209.92161C1113.52%2010.0644%201096.09%2010.255%201076.5%2010.6902C1056.27%2011.1397%201033.75%2011.9388%201011.4%2012.7321C982.962%2013.7411%20954.791%2014.7408%20931.932%2015Z%22%20fill%3D%22var%28--awb-color8%29%22%2F%3E%3C%2Fsvg%3E );height:80px;\"><\/div><\/div><div class=\"fusion-section-separator-spacer\"><div class=\"fusion-section-separator-spacer-height\"><\/div><\/div><\/div><\/div><\/div><\/div><\/div><\/p>\n","protected":false},"excerpt":{"rendered":"","protected":false},"author":1,"featured_media":0,"parent":2339,"menu_order":0,"comment_status":"closed","ping_status":"closed","template":"100-width.php","meta":{"footnotes":""},"class_list":["post-2343","page","type-page","status-publish","hentry"],"yoast_head":"<!-- This site is optimized with the Yoast SEO plugin v21.0 - https:\/\/yoast.com\/wordpress\/plugins\/seo\/ -->\n<title>Pedir presupuesto - Decora Balaguer<\/title>\n<meta name=\"robots\" content=\"index, follow, max-snippet:-1, max-image-preview:large, max-video-preview:-1\" \/>\n<link rel=\"canonical\" href=\"https:\/\/decorabalaguer.es\/es\/contacto\/pedir-presupuesto\/\" \/>\n<meta property=\"og:locale\" content=\"es_ES\" \/>\n<meta property=\"og:type\" content=\"article\" \/>\n<meta property=\"og:title\" content=\"Pedir presupuesto - Decora Balaguer\" \/>\n<meta property=\"og:url\" content=\"https:\/\/decorabalaguer.es\/es\/contacto\/pedir-presupuesto\/\" \/>\n<meta property=\"og:site_name\" content=\"Decora Balaguer\" \/>\n<meta property=\"article:publisher\" content=\"https:\/\/www.facebook.com\/decorabalaguer\" \/>\n<meta property=\"article:modified_time\" content=\"2023-09-04T13:57:21+00:00\" \/>\n<meta name=\"twitter:card\" content=\"summary_large_image\" \/>\n<meta name=\"twitter:label1\" content=\"Tiempo de lectura\" \/>\n\t<meta name=\"twitter:data1\" content=\"7 minutos\" \/>\n<script type=\"application\/ld+json\" class=\"yoast-schema-graph\">{\"@context\":\"https:\/\/schema.org\",\"@graph\":[{\"@type\":\"WebPage\",\"@id\":\"https:\/\/decorabalaguer.es\/es\/contacto\/pedir-presupuesto\/\",\"url\":\"https:\/\/decorabalaguer.es\/es\/contacto\/pedir-presupuesto\/\",\"name\":\"Pedir presupuesto - Decora Balaguer\",\"isPartOf\":{\"@id\":\"https:\/\/decorabalaguer.es\/es\/#website\"},\"datePublished\":\"2023-09-04T10:22:09+00:00\",\"dateModified\":\"2023-09-04T13:57:21+00:00\",\"breadcrumb\":{\"@id\":\"https:\/\/decorabalaguer.es\/es\/contacto\/pedir-presupuesto\/#breadcrumb\"},\"inLanguage\":\"es\",\"potentialAction\":[{\"@type\":\"ReadAction\",\"target\":[\"https:\/\/decorabalaguer.es\/es\/contacto\/pedir-presupuesto\/\"]}]},{\"@type\":\"BreadcrumbList\",\"@id\":\"https:\/\/decorabalaguer.es\/es\/contacto\/pedir-presupuesto\/#breadcrumb\",\"itemListElement\":[{\"@type\":\"ListItem\",\"position\":1,\"name\":\"Portada\",\"item\":\"https:\/\/decorabalaguer.es\/es\/inicio\/\"},{\"@type\":\"ListItem\",\"position\":2,\"name\":\"Contacto\",\"item\":\"https:\/\/decorabalaguer.es\/es\/contacte\/\"},{\"@type\":\"ListItem\",\"position\":3,\"name\":\"Pedir presupuesto\"}]},{\"@type\":\"WebSite\",\"@id\":\"https:\/\/decorabalaguer.es\/es\/#website\",\"url\":\"https:\/\/decorabalaguer.es\/es\/\",\"name\":\"Decora Balaguer\",\"description\":\"Qualitat i servei\",\"publisher\":{\"@id\":\"https:\/\/decorabalaguer.es\/es\/#organization\"},\"potentialAction\":[{\"@type\":\"SearchAction\",\"target\":{\"@type\":\"EntryPoint\",\"urlTemplate\":\"https:\/\/decorabalaguer.es\/es\/?s={search_term_string}\"},\"query-input\":\"required name=search_term_string\"}],\"inLanguage\":\"es\"},{\"@type\":\"Organization\",\"@id\":\"https:\/\/decorabalaguer.es\/es\/#organization\",\"name\":\"Decora Balaguer\",\"url\":\"https:\/\/decorabalaguer.es\/es\/\",\"logo\":{\"@type\":\"ImageObject\",\"inLanguage\":\"es\",\"@id\":\"https:\/\/decorabalaguer.es\/es\/#\/schema\/logo\/image\/\",\"url\":\"https:\/\/decorabalaguer.es\/wp-content\/uploads\/2023\/06\/Logo_Decora_Balaguer_normal.png\",\"contentUrl\":\"https:\/\/decorabalaguer.es\/wp-content\/uploads\/2023\/06\/Logo_Decora_Balaguer_normal.png\",\"width\":315,\"height\":120,\"caption\":\"Decora Balaguer\"},\"image\":{\"@id\":\"https:\/\/decorabalaguer.es\/es\/#\/schema\/logo\/image\/\"},\"sameAs\":[\"https:\/\/www.facebook.com\/decorabalaguer\"]}]}<\/script>\n<!-- \/ Yoast SEO plugin. -->","yoast_head_json":{"title":"Pedir presupuesto - Decora Balaguer","robots":{"index":"index","follow":"follow","max-snippet":"max-snippet:-1","max-image-preview":"max-image-preview:large","max-video-preview":"max-video-preview:-1"},"canonical":"https:\/\/decorabalaguer.es\/es\/contacto\/pedir-presupuesto\/","og_locale":"es_ES","og_type":"article","og_title":"Pedir presupuesto - Decora Balaguer","og_url":"https:\/\/decorabalaguer.es\/es\/contacto\/pedir-presupuesto\/","og_site_name":"Decora Balaguer","article_publisher":"https:\/\/www.facebook.com\/decorabalaguer","article_modified_time":"2023-09-04T13:57:21+00:00","twitter_card":"summary_large_image","twitter_misc":{"Tiempo de lectura":"7 minutos"},"schema":{"@context":"https:\/\/schema.org","@graph":[{"@type":"WebPage","@id":"https:\/\/decorabalaguer.es\/es\/contacto\/pedir-presupuesto\/","url":"https:\/\/decorabalaguer.es\/es\/contacto\/pedir-presupuesto\/","name":"Pedir presupuesto - Decora Balaguer","isPartOf":{"@id":"https:\/\/decorabalaguer.es\/es\/#website"},"datePublished":"2023-09-04T10:22:09+00:00","dateModified":"2023-09-04T13:57:21+00:00","breadcrumb":{"@id":"https:\/\/decorabalaguer.es\/es\/contacto\/pedir-presupuesto\/#breadcrumb"},"inLanguage":"es","potentialAction":[{"@type":"ReadAction","target":["https:\/\/decorabalaguer.es\/es\/contacto\/pedir-presupuesto\/"]}]},{"@type":"BreadcrumbList","@id":"https:\/\/decorabalaguer.es\/es\/contacto\/pedir-presupuesto\/#breadcrumb","itemListElement":[{"@type":"ListItem","position":1,"name":"Portada","item":"https:\/\/decorabalaguer.es\/es\/inicio\/"},{"@type":"ListItem","position":2,"name":"Contacto","item":"https:\/\/decorabalaguer.es\/es\/contacte\/"},{"@type":"ListItem","position":3,"name":"Pedir presupuesto"}]},{"@type":"WebSite","@id":"https:\/\/decorabalaguer.es\/es\/#website","url":"https:\/\/decorabalaguer.es\/es\/","name":"Decora Balaguer","description":"Qualitat i servei","publisher":{"@id":"https:\/\/decorabalaguer.es\/es\/#organization"},"potentialAction":[{"@type":"SearchAction","target":{"@type":"EntryPoint","urlTemplate":"https:\/\/decorabalaguer.es\/es\/?s={search_term_string}"},"query-input":"required name=search_term_string"}],"inLanguage":"es"},{"@type":"Organization","@id":"https:\/\/decorabalaguer.es\/es\/#organization","name":"Decora Balaguer","url":"https:\/\/decorabalaguer.es\/es\/","logo":{"@type":"ImageObject","inLanguage":"es","@id":"https:\/\/decorabalaguer.es\/es\/#\/schema\/logo\/image\/","url":"https:\/\/decorabalaguer.es\/wp-content\/uploads\/2023\/06\/Logo_Decora_Balaguer_normal.png","contentUrl":"https:\/\/decorabalaguer.es\/wp-content\/uploads\/2023\/06\/Logo_Decora_Balaguer_normal.png","width":315,"height":120,"caption":"Decora Balaguer"},"image":{"@id":"https:\/\/decorabalaguer.es\/es\/#\/schema\/logo\/image\/"},"sameAs":["https:\/\/www.facebook.com\/decorabalaguer"]}]}},"_links":{"self":[{"href":"https:\/\/decorabalaguer.es\/es\/wp-json\/wp\/v2\/pages\/2343","targetHints":{"allow":["GET"]}}],"collection":[{"href":"https:\/\/decorabalaguer.es\/es\/wp-json\/wp\/v2\/pages"}],"about":[{"href":"https:\/\/decorabalaguer.es\/es\/wp-json\/wp\/v2\/types\/page"}],"author":[{"embeddable":true,"href":"https:\/\/decorabalaguer.es\/es\/wp-json\/wp\/v2\/users\/1"}],"replies":[{"embeddable":true,"href":"https:\/\/decorabalaguer.es\/es\/wp-json\/wp\/v2\/comments?post=2343"}],"version-history":[{"count":3,"href":"https:\/\/decorabalaguer.es\/es\/wp-json\/wp\/v2\/pages\/2343\/revisions"}],"predecessor-version":[{"id":2346,"href":"https:\/\/decorabalaguer.es\/es\/wp-json\/wp\/v2\/pages\/2343\/revisions\/2346"}],"up":[{"embeddable":true,"href":"https:\/\/decorabalaguer.es\/es\/wp-json\/wp\/v2\/pages\/2339"}],"wp:attachment":[{"href":"https:\/\/decorabalaguer.es\/es\/wp-json\/wp\/v2\/media?parent=2343"}],"curies":[{"name":"wp","href":"https:\/\/api.w.org\/{rel}","templated":true}]}}