{"id":2385,"date":"2023-09-04T15:22:31","date_gmt":"2023-09-04T15:22:31","guid":{"rendered":"https:\/\/decorabalaguer.es\/?page_id=2385"},"modified":"2023-09-04T15:28:17","modified_gmt":"2023-09-04T15:28:17","slug":"aviso-legal","status":"publish","type":"page","link":"https:\/\/decorabalaguer.es\/es\/aviso-legal\/","title":{"rendered":"Aviso legal"},"content":{"rendered":"<div>\n<h2 style=\"text-align: center;\">AVISO LEGAL Y CONDICIONES DE USO DEL SITIO WEB<\/h2>\n<\/div>\n<div>\n<p style=\"text-align: left;\"><strong>Con el fin de cumplir con el Art\u00edculo 10 de la Ley 34\/2002 de Servicios de la Sociedad de la Informaci\u00f3n y de Comercio Electr\u00f3nico, informamos a los Usuarios de los siguientes datos:<\/strong><\/p>\n<p style=\"text-align: left;\">Nombre de la Empresa: <b>DECORA BALAGUER S.L.<\/b>.<\/p>\n<p style=\"text-align: left;\">Direcci\u00f3n de la Empresa: <b>C\/ ALMATA 74, 25600 BALAGUER<\/b><\/p>\n<p style=\"text-align: left;\">N\u00famero de Identificaci\u00f3n Fiscal: <b>B25770512<\/b><\/p>\n<p style=\"text-align: left;\">Tel\u00e9fono: <b>+34 973 44 87 09<\/b><\/p>\n<p style=\"text-align: left;\">Correo Electr\u00f3nico: <b>INFO@DECORABALAGUER.COM<\/b><\/p>\n<p style=\"text-align: left;\">Sitio Web: <b>DECORABALAGUER.COM<\/b><\/p>\n<p style=\"text-align: left;\">\n<\/div>\n<div>\n<h3 style=\"text-align: left;\"><b>1.- Finalidad del Contrato<\/b><\/h3>\n<p style=\"text-align: left;\"><b>DECORA BALAGUER S.L.<\/b> (en adelante, el Proveedor), como entidad responsable del sitio web, proporciona este documento a los Usuarios, que regula el uso del sitio web <b>DECORABALAGUER.COM<\/b>, con el fin de cumplir con las obligaciones establecidas en la Ley 34\/2002 de Servicios de la Sociedad de la Informaci\u00f3n y de Comercio Electr\u00f3nico (LSSICE o LSSI), as\u00ed como informar a todos los Usuarios sobre las condiciones de uso del sitio web.<\/p>\n<p style=\"text-align: left;\">A trav\u00e9s del sitio web, <b>DECORA BALAGUER S.L.<\/b> proporciona a los usuarios acceso y uso de diferentes servicios y contenidos disponibles en el sitio web.<\/p>\n<p style=\"text-align: left;\">Cualquier persona que acceda a este sitio web asume el papel de Usuario (en adelante, el Usuario), lo que implica la aceptaci\u00f3n plena y sin reservas de todas y cada una de las disposiciones incluidas en este aviso legal, as\u00ed como de cualquier otra disposici\u00f3n legal que sea de aplicaci\u00f3n.<\/p>\n<p style=\"text-align: left;\">Como Usuario, debe leer cuidadosamente este Aviso Legal en todas y cada una de las ocasiones en que acceda al sitio web, ya que puede haber modificaciones, dado que el proveedor se reserva el derecho de modificar cualquier tipo de informaci\u00f3n que pueda aparecer en el sitio web sin necesidad de preavisar o informar a los usuarios de estas obligaciones, bastando la mera publicaci\u00f3n en el sitio web del Proveedor.<\/p>\n<\/div>\n<div>\n<h3 style=\"text-align: left;\"><b>2. CONDICIONES DE ACCESO Y USO DEL SITIO WEB<\/b><\/h3>\n<h4 style=\"text-align: left;\"><b>2.1. Acceso y uso gratuito del sitio web.<\/b><\/h4>\n<p style=\"text-align: left;\">La prestaci\u00f3n de servicios por parte de <b>DECORA BALAGUER S.L.<\/b> es gratuita para todos los Usuarios. Sin embargo, algunos de los servicios prestados por el proveedor a trav\u00e9s del sitio web est\u00e1n sujetos al pago de un precio espec\u00edfico mediante el contrato general de condiciones.<\/p>\n<h4 style=\"text-align: left;\"><b>2.2. Registro de Usuarios.<\/b><\/h4>\n<p style=\"text-align: left;\">En general, la prestaci\u00f3n de los Servicios no requiere una suscripci\u00f3n previa o un registro de Usuarios. No obstante, <b>DECORA BALAGUER S.L.<\/b> condiciona el uso de algunos de los servicios solo si el Usuario ha completado previamente el formulario de registro de Usuario correspondiente. Dicho registro se completar\u00e1 de la manera que se indique expresamente en la secci\u00f3n de servicios correspondiente.<\/p>\n<h4 style=\"text-align: left;\"><b>2.3. Precisi\u00f3n y veracidad de la informaci\u00f3n<\/b><\/h4>\n<p style=\"text-align: left;\">Toda la informaci\u00f3n proporcionada por el Usuario debe ser precisa y veraz. Para estos fines, el Usuario garantiza la autenticidad de los datos proporcionados a trav\u00e9s de los formularios para la suscripci\u00f3n de los Servicios. El Usuario es responsable de mantener permanentemente actualizada toda la informaci\u00f3n proporcionada a <b>DECORA BALAGUER S.L.<\/b> de manera que refleje, en todo momento, su situaci\u00f3n real. En cualquier caso, el Usuario ser\u00e1 el \u00fanico responsable de las declaraciones falsas o inexactas proporcionadas por \u00e9l, as\u00ed como de los da\u00f1os que puedan causarse al proveedor o a terceros como consecuencia de ello.<\/p>\n<h4 style=\"text-align: left;\"><b>2.4. Menores de edad<\/b><\/h4>\n<p style=\"text-align: left;\">Para el uso de los servicios, los menores de edad deben obtener siempre el consentimiento previo de sus padres, tutores o representantes legales, que ser\u00e1n en \u00faltima instancia responsables de todos los actos realizados por dichos menores a su cargo. Tambi\u00e9n son responsables de determinar los contenidos espec\u00edficos a los que acceden los menores; es decir, en caso de que un menor acceda a contenidos inadecuados a trav\u00e9s de Internet, deber\u00e1n establecer mecanismos en sus computadoras, en particular programas inform\u00e1ticos, filtros y bloqueos, destinados a limitar los contenidos disponibles y, aunque no son infalibles, son de especial utilidad para controlar y restringir los materiales a los que los menores pueden estar expuestos.<\/p>\n<h4 style=\"text-align: left;\"><b>2.5. Obligaci\u00f3n de hacer un uso correcto del sitio web.<\/b><\/h4>\n<p style=\"text-align: left;\">El Usuario se compromete a utilizar el sitio web de conformidad con la ley y este Aviso Legal, as\u00ed como de acuerdo con la moral y las buenas costumbres. A tal efecto, el Usuario se abstendr\u00e1 de utilizar la p\u00e1gina con fines il\u00edcitos o prohibidos, y\/o lesivos de los derechos e intereses de terceros, y\/o que de cualquier forma puedan da\u00f1ar, deshabilitar, sobrecargar, deteriorar o impedir el uso normal de equipos inform\u00e1ticos o documentos, archivos y todo tipo de contenidos almacenados en cualquier equipo inform\u00e1tico del proveedor.<\/p>\n<p style=\"text-align: left;\">A modo de indicaci\u00f3n, pero sin limitarse a ello, el Usuario se compromete a no transmitir, difundir o poner a disposici\u00f3n de terceros informaci\u00f3n, datos, contenidos, mensajes, gr\u00e1ficos, dibujos, archivos de sonido o imagen, fotograf\u00edas, grabaciones, software y, en general, cualquier tipo de material que:<\/p>\n<p style=\"text-align: left;\">(a) sea contrario, desprecie o atente contra los derechos fundamentales y las libertades p\u00fablicas reconocidos por la Constituci\u00f3n espa\u00f1ola, tratados internacionales y otras leyes aplicables;<\/p>\n<p style=\"text-align: left;\">(b) induzca, incite o promueva acciones que sean criminales, degradantes, difamatorias, violentas o, en general, contrarias a la ley, la moral y el orden p\u00fablico;<\/p>\n<p style=\"text-align: left;\">(c) induzca, incite o promueva acciones discriminatorias, actitudes o pensamientos basados en el sexo, raza, religi\u00f3n, creencias, edad o condici\u00f3n;<\/p>\n<p style=\"text-align: left;\">(d) sea contrario a los derechos relacionados con la dignidad, la privacidad personal o familiar o la imagen propia;<\/p>\n<p style=\"text-align: left;\">(e) perjudique de alguna manera la credibilidad del proveedor o de terceros; y<\/p>\n<p style=\"text-align: left;\">(f) constituya publicidad il\u00edcita, enga\u00f1osa o desleal.<\/p>\n<\/div>\n<div>\n<h3 style=\"text-align: left;\"><b>3.- EXCLUSI\u00d3N DE GARANT\u00cdAS Y RESPONSABILIDAD<\/b><\/h3>\n<p style=\"text-align: left;\">El Proveedor queda exento de cualquier responsabilidad derivada de la informaci\u00f3n publicada en nuestro sitio web, siempre que esta informaci\u00f3n haya sido manipulada o introducida por un tercero.<\/p>\n<p style=\"text-align: left;\">Este sitio web ha sido revisado y probado para que funcione correctamente. En principio, se puede garantizar su correcto funcionamiento durante 365 d\u00edas al a\u00f1o, 24 horas al d\u00eda. Sin embargo, el Proveedor no descarta la posibilidad de que pueda haber errores de programaci\u00f3n o que existan causas de fuerza mayor, desastres naturales, huelgas o circunstancias similares que puedan hacer imposible el acceso al sitio web.<\/p>\n<p style=\"text-align: left;\"><b>DECORA BALAGUER S.L.<\/b> no otorga ninguna garant\u00eda y no ser\u00e1 responsable, en ning\u00fan caso, de los da\u00f1os y perjuicios de cualquier tipo que puedan derivarse de la falta de disponibilidad, mantenimiento y funcionamiento efectivo del sitio web o de sus servicios y contenidos; de la existencia de virus, programas maliciosos o contenidos perjudiciales; del uso il\u00edcito, negligente, fraudulento o contrario a este Aviso Legal y condiciones de uso; o de la falta de legalidad, calidad, confiabilidad, utilidad y disponibilidad de los servicios proporcionados por terceros y puestos a disposici\u00f3n de los usuarios en el sitio web.<\/p>\n<p style=\"text-align: left;\">El proveedor no ser\u00e1 responsable en ning\u00fan caso de los da\u00f1os y perjuicios que puedan derivarse del uso ilegal o indebido de este sitio web.<\/p>\n<\/div>\n<div>\n<h3 style=\"text-align: left;\"><b>4.- COOKIES<\/b><\/h3>\n<p style=\"text-align: left;\">El sitio web del proveedor puede utilizar cookies (peque\u00f1os archivos de informaci\u00f3n que el servidor env\u00eda al ordenador de la persona que accede a la p\u00e1gina) para llevar a cabo ciertas funciones que se consideran esenciales para el buen funcionamiento y visualizaci\u00f3n del sitio web. Las cookies que se utilizan tienen, en cualquier caso, un car\u00e1cter temporal, con el \u00fanico prop\u00f3sito de hacer que la navegaci\u00f3n sea m\u00e1s eficiente, y desaparecer\u00e1n una vez que finalice la sesi\u00f3n del usuario.<\/p>\n<p style=\"text-align: left;\">En ning\u00fan caso las cookies se utilizar\u00e1n para recopilar informaci\u00f3n personal.<\/p>\n<p style=\"text-align: left;\">Para obtener m\u00e1s informaci\u00f3n, consulte nuestra <a href=\"\/&lt;u&gt;es\/LINK-politica-de-cookies&lt;\/u&gt;\/\">Pol\u00edtica de Cookies<\/a>.<\/p>\n<\/div>\n<div>\n<h3 style=\"text-align: left;\"><b>5.- ENLACES<\/b><\/h3>\n<p style=\"text-align: left;\">Desde el sitio web, es posible que se redirija a contenido de terceros. Dado que no siempre es posible controlar el contenido introducido por terceros, <b>DECORA BALAGUER S.L.<\/b> no asume ninguna responsabilidad con respecto a estos contenidos. En cualquier caso, el Proveedor se compromete a proceder a la retirada inmediata de cualquier contenido que pueda contravenir las leyes nacionales o internacionales, la moral o el orden p\u00fablico, y tambi\u00e9n a proceder a la retirada inmediata de la redirecci\u00f3n a estos sitios web, as\u00ed como a informar a las autoridades competentes sobre el contenido en cuesti\u00f3n.<\/p>\n<p style=\"text-align: left;\">El Proveedor no es responsable de la informaci\u00f3n y el contenido almacenado que puedan incluir, pero no se limitan a, foros, chats, generadores de blogs, comentarios, redes sociales u otros medios que permitan a terceros publicar contenido de forma independiente en el sitio web del proveedor. Sin embargo, y de conformidad con lo dispuesto en los art\u00edculos 11 y 16 de la LSSICE (Ley de la Sociedad de la Informaci\u00f3n y el Comercio Electr\u00f3nico en Espa\u00f1a), el Proveedor se compromete a estar a disposici\u00f3n de todos los usuarios, autoridades y fuerzas de seguridad, para colaborar activamente en la retirada o, cuando sea necesario, en el bloqueo de todo contenido que pueda afectar o contravenir las leyes nacionales o internacionales, los derechos de terceros o la moral y el orden p\u00fablico. En caso de que el usuario considere que pueda haber alg\u00fan contenido que pueda ser susceptible de esta clasificaci\u00f3n, deber\u00e1 notificarlo inmediatamente al administrador del sitio web.<\/p>\n<\/div>\n<div>\n<h3 style=\"text-align: left;\"><b>6.- PROTECCI\u00d3N DE DATOS PERSONALES<\/b><\/h3>\n<p style=\"text-align: left;\">El proveedor se compromete plenamente a cumplir con las regulaciones de protecci\u00f3n de datos personales y garantiza el cumplimiento total de las obligaciones establecidas en dichas regulaciones, lo que tambi\u00e9n incluye la implementaci\u00f3n de las medidas de seguridad establecidas tanto en el Reglamento Europeo de Protecci\u00f3n de Datos como en las regulaciones espa\u00f1olas de protecci\u00f3n de datos. Para obtener m\u00e1s informaci\u00f3n, consulte nuestra <a href=\"\/&lt;u&gt;es\/politica-de-privacidad&lt;\/u&gt;\/\">Pol\u00edtica de Privacidad<\/a>.<\/p>\n<\/div>\n<div>\n<h3 style=\"text-align: left;\"><b>7. REDES SOCIALES<\/b><\/h3>\n<p style=\"text-align: left;\">Le informamos de que <b>DECORA BALAGUER S.L.<\/b> puede estar presente en redes sociales. El tratamiento de los datos que los usuarios incluyan en redes sociales [al convertirse en seguidores del proveedor en las redes sociales (y\/o al realizar cualquier acci\u00f3n de enlace o conexi\u00f3n a trav\u00e9s de estas)] estar\u00e1 regido por esta secci\u00f3n, as\u00ed como por las condiciones de uso, pol\u00edticas de privacidad y regulaciones de acceso y uso de las redes sociales en cuesti\u00f3n, que son previamente aceptadas por el usuario.<\/p>\n<p style=\"text-align: left;\"><b>DECORA BALAGUER S.L.<\/b> tratar\u00e1 sus datos con el fin de informarle sobre las actividades, productos o servicios del proveedor a trav\u00e9s de estas redes sociales, as\u00ed como para cualquier otro prop\u00f3sito que las regulaciones de las redes sociales permitan, pero no ser\u00e1 responsable de sus Pol\u00edticas de Privacidad.<\/p>\n<p style=\"text-align: left;\">Se proh\u00edben las siguientes publicaciones de contenido:<\/p>\n<ul>\n<li>Dado que son ilegales seg\u00fan las regulaciones nacionales, comunitarias o internacionales, o que realizan actividades presuntamente ilegales o contrarias a los principios de buena fe.<\/li>\n<li>Dado que amenazan los derechos fundamentales de las personas, carecen de cortes\u00eda en la red, molestan o pueden generar opiniones negativas sobre nuestros usuarios o terceros y, en general, cualquier contenido que <b>DECORA BALAGUER S.L.<\/b> considere inapropiado.<\/li>\n<li>Y, en general, dado que contravienen los principios de legalidad, honestidad, responsabilidad, protecci\u00f3n de la dignidad humana, protecci\u00f3n de los menores, protecci\u00f3n del orden p\u00fablico, protecci\u00f3n de la privacidad, protecci\u00f3n del consumidor y derechos de propiedad intelectual e industrial.<\/li>\n<\/ul>\n<p>Adem\u00e1s, <b>DECORA BALAGUER S.L.<\/b> se reserva el derecho de eliminar, sin previo aviso, contenidos que considere inapropiados tanto en el sitio web como en la red social corporativa.<\/p>\n<\/div>\n<div>\n<h3 style=\"text-align: left;\"><b>8.- PROPIEDAD INTELECTUAL E INDUSTRIAL<\/b><\/h3>\n<p style=\"text-align: left;\">El sitio web, incluyendo, pero no limit\u00e1ndose a la programaci\u00f3n, edici\u00f3n, compilaci\u00f3n y otros elementos necesarios para su funcionamiento, los dise\u00f1os, logotipos, textos, fotograf\u00edas y\/o gr\u00e1ficos son propiedad del Proveedor o, en su caso, su uso se basa en un acuerdo de licencia o autorizaci\u00f3n expresa por parte del propietario. Todos los contenidos del sitio web est\u00e1n debidamente protegidos por las normas de propiedad intelectual e industrial.<\/p>\n<p style=\"text-align: left;\">Independientemente del prop\u00f3sito para el que estuvieran destinados, la reproducci\u00f3n total o parcial, el uso, la distribuci\u00f3n y la comunicaci\u00f3n p\u00fablica requieren la autorizaci\u00f3n previa por escrito del Proveedor. Cualquier uso no autorizado previamente por el Proveedor se considerar\u00e1 una violaci\u00f3n grave de los derechos de propiedad intelectual o industrial del propietario.<\/p>\n<p style=\"text-align: left;\">Los dise\u00f1os, logotipos, textos y\/o gr\u00e1ficos que no son propiedad del proveedor y que puedan aparecer en el sitio web son propiedad de sus respectivos propietarios, que ser\u00e1n responsables de cualquier posible controversia que pueda surgir en relaci\u00f3n con ellos. En cualquier caso, el Proveedor tiene la autorizaci\u00f3n expresa y previa de dichos propietarios.<\/p>\n<p style=\"text-align: left;\">El Proveedor reconoce a favor de los propietarios sus correspondientes derechos de propiedad intelectual e industrial, por lo que su menci\u00f3n o aparici\u00f3n en el sitio web no implica la existencia de derechos o responsabilidades del Proveedor sobre ellos, ni el respaldo, patrocinio o recomendaci\u00f3n por parte de este \u00faltimo.<\/p>\n<p style=\"text-align: left;\">Para realizar cualquier tipo de observaci\u00f3n sobre posibles violaciones de los derechos de propiedad intelectual o industrial, as\u00ed como cualquier contenido del sitio web, puede hacerlo a trav\u00e9s del siguiente correo electr\u00f3nico: INFO@DECORABALAGUER.COM.<\/p>\n<\/div>\n<div>\n<h3 style=\"text-align: left;\"><b>9.- LEY APLICABLE Y JURISDICCI\u00d3N<\/b><\/h3>\n<p style=\"text-align: left;\">Para la resoluci\u00f3n de todas las controversias o cuestiones relacionadas con este sitio web o las actividades en \u00e9l desarrolladas, ser\u00e1 de aplicaci\u00f3n la legislaci\u00f3n espa\u00f1ola, a la que se someten expresamente las partes, siendo competentes para la resoluci\u00f3n de todos los conflictos derivados o relacionados con su uso los Juzgados y Tribunales de BALAGUER.<\/p>\n<\/div>\n","protected":false},"excerpt":{"rendered":"<p>AVISO LEGAL Y CONDICIONES DE USO DEL SITIO WEB Con [&hellip;]<\/p>\n","protected":false},"author":1,"featured_media":0,"parent":0,"menu_order":0,"comment_status":"closed","ping_status":"closed","template":"","meta":{"footnotes":""},"class_list":["post-2385","page","type-page","status-publish","hentry"],"yoast_head":"<!-- This site is optimized with the Yoast SEO plugin v21.0 - https:\/\/yoast.com\/wordpress\/plugins\/seo\/ -->\n<title>Aviso legal - Decora Balaguer<\/title>\n<meta name=\"robots\" content=\"index, follow, max-snippet:-1, max-image-preview:large, max-video-preview:-1\" \/>\n<link rel=\"canonical\" href=\"https:\/\/decorabalaguer.es\/es\/aviso-legal\/\" \/>\n<meta property=\"og:locale\" content=\"es_ES\" \/>\n<meta property=\"og:type\" content=\"article\" \/>\n<meta property=\"og:title\" content=\"Aviso legal - Decora Balaguer\" \/>\n<meta property=\"og:description\" content=\"AVISO LEGAL Y CONDICIONES DE USO DEL SITIO WEB Con [&hellip;]\" \/>\n<meta property=\"og:url\" content=\"https:\/\/decorabalaguer.es\/es\/aviso-legal\/\" \/>\n<meta property=\"og:site_name\" content=\"Decora Balaguer\" \/>\n<meta property=\"article:publisher\" content=\"https:\/\/www.facebook.com\/decorabalaguer\" \/>\n<meta property=\"article:modified_time\" content=\"2023-09-04T15:28:17+00:00\" \/>\n<meta name=\"twitter:card\" content=\"summary_large_image\" \/>\n<meta name=\"twitter:label1\" content=\"Tiempo de lectura\" \/>\n\t<meta name=\"twitter:data1\" content=\"12 minutos\" \/>\n<script type=\"application\/ld+json\" class=\"yoast-schema-graph\">{\"@context\":\"https:\/\/schema.org\",\"@graph\":[{\"@type\":\"WebPage\",\"@id\":\"https:\/\/decorabalaguer.es\/es\/aviso-legal\/\",\"url\":\"https:\/\/decorabalaguer.es\/es\/aviso-legal\/\",\"name\":\"Aviso legal - Decora Balaguer\",\"isPartOf\":{\"@id\":\"https:\/\/decorabalaguer.es\/es\/#website\"},\"datePublished\":\"2023-09-04T15:22:31+00:00\",\"dateModified\":\"2023-09-04T15:28:17+00:00\",\"breadcrumb\":{\"@id\":\"https:\/\/decorabalaguer.es\/es\/aviso-legal\/#breadcrumb\"},\"inLanguage\":\"es\",\"potentialAction\":[{\"@type\":\"ReadAction\",\"target\":[\"https:\/\/decorabalaguer.es\/es\/aviso-legal\/\"]}]},{\"@type\":\"BreadcrumbList\",\"@id\":\"https:\/\/decorabalaguer.es\/es\/aviso-legal\/#breadcrumb\",\"itemListElement\":[{\"@type\":\"ListItem\",\"position\":1,\"name\":\"Portada\",\"item\":\"https:\/\/decorabalaguer.es\/es\/inicio\/\"},{\"@type\":\"ListItem\",\"position\":2,\"name\":\"Aviso legal\"}]},{\"@type\":\"WebSite\",\"@id\":\"https:\/\/decorabalaguer.es\/es\/#website\",\"url\":\"https:\/\/decorabalaguer.es\/es\/\",\"name\":\"Decora Balaguer\",\"description\":\"Qualitat i servei\",\"publisher\":{\"@id\":\"https:\/\/decorabalaguer.es\/es\/#organization\"},\"potentialAction\":[{\"@type\":\"SearchAction\",\"target\":{\"@type\":\"EntryPoint\",\"urlTemplate\":\"https:\/\/decorabalaguer.es\/es\/?s={search_term_string}\"},\"query-input\":\"required name=search_term_string\"}],\"inLanguage\":\"es\"},{\"@type\":\"Organization\",\"@id\":\"https:\/\/decorabalaguer.es\/es\/#organization\",\"name\":\"Decora Balaguer\",\"url\":\"https:\/\/decorabalaguer.es\/es\/\",\"logo\":{\"@type\":\"ImageObject\",\"inLanguage\":\"es\",\"@id\":\"https:\/\/decorabalaguer.es\/es\/#\/schema\/logo\/image\/\",\"url\":\"https:\/\/decorabalaguer.es\/wp-content\/uploads\/2023\/06\/Logo_Decora_Balaguer_normal.png\",\"contentUrl\":\"https:\/\/decorabalaguer.es\/wp-content\/uploads\/2023\/06\/Logo_Decora_Balaguer_normal.png\",\"width\":315,\"height\":120,\"caption\":\"Decora Balaguer\"},\"image\":{\"@id\":\"https:\/\/decorabalaguer.es\/es\/#\/schema\/logo\/image\/\"},\"sameAs\":[\"https:\/\/www.facebook.com\/decorabalaguer\"]}]}<\/script>\n<!-- \/ Yoast SEO plugin. -->","yoast_head_json":{"title":"Aviso legal - Decora Balaguer","robots":{"index":"index","follow":"follow","max-snippet":"max-snippet:-1","max-image-preview":"max-image-preview:large","max-video-preview":"max-video-preview:-1"},"canonical":"https:\/\/decorabalaguer.es\/es\/aviso-legal\/","og_locale":"es_ES","og_type":"article","og_title":"Aviso legal - Decora Balaguer","og_description":"AVISO LEGAL Y CONDICIONES DE USO DEL SITIO WEB Con [&hellip;]","og_url":"https:\/\/decorabalaguer.es\/es\/aviso-legal\/","og_site_name":"Decora Balaguer","article_publisher":"https:\/\/www.facebook.com\/decorabalaguer","article_modified_time":"2023-09-04T15:28:17+00:00","twitter_card":"summary_large_image","twitter_misc":{"Tiempo de lectura":"12 minutos"},"schema":{"@context":"https:\/\/schema.org","@graph":[{"@type":"WebPage","@id":"https:\/\/decorabalaguer.es\/es\/aviso-legal\/","url":"https:\/\/decorabalaguer.es\/es\/aviso-legal\/","name":"Aviso legal - Decora Balaguer","isPartOf":{"@id":"https:\/\/decorabalaguer.es\/es\/#website"},"datePublished":"2023-09-04T15:22:31+00:00","dateModified":"2023-09-04T15:28:17+00:00","breadcrumb":{"@id":"https:\/\/decorabalaguer.es\/es\/aviso-legal\/#breadcrumb"},"inLanguage":"es","potentialAction":[{"@type":"ReadAction","target":["https:\/\/decorabalaguer.es\/es\/aviso-legal\/"]}]},{"@type":"BreadcrumbList","@id":"https:\/\/decorabalaguer.es\/es\/aviso-legal\/#breadcrumb","itemListElement":[{"@type":"ListItem","position":1,"name":"Portada","item":"https:\/\/decorabalaguer.es\/es\/inicio\/"},{"@type":"ListItem","position":2,"name":"Aviso legal"}]},{"@type":"WebSite","@id":"https:\/\/decorabalaguer.es\/es\/#website","url":"https:\/\/decorabalaguer.es\/es\/","name":"Decora Balaguer","description":"Qualitat i servei","publisher":{"@id":"https:\/\/decorabalaguer.es\/es\/#organization"},"potentialAction":[{"@type":"SearchAction","target":{"@type":"EntryPoint","urlTemplate":"https:\/\/decorabalaguer.es\/es\/?s={search_term_string}"},"query-input":"required name=search_term_string"}],"inLanguage":"es"},{"@type":"Organization","@id":"https:\/\/decorabalaguer.es\/es\/#organization","name":"Decora Balaguer","url":"https:\/\/decorabalaguer.es\/es\/","logo":{"@type":"ImageObject","inLanguage":"es","@id":"https:\/\/decorabalaguer.es\/es\/#\/schema\/logo\/image\/","url":"https:\/\/decorabalaguer.es\/wp-content\/uploads\/2023\/06\/Logo_Decora_Balaguer_normal.png","contentUrl":"https:\/\/decorabalaguer.es\/wp-content\/uploads\/2023\/06\/Logo_Decora_Balaguer_normal.png","width":315,"height":120,"caption":"Decora Balaguer"},"image":{"@id":"https:\/\/decorabalaguer.es\/es\/#\/schema\/logo\/image\/"},"sameAs":["https:\/\/www.facebook.com\/decorabalaguer"]}]}},"_links":{"self":[{"href":"https:\/\/decorabalaguer.es\/es\/wp-json\/wp\/v2\/pages\/2385","targetHints":{"allow":["GET"]}}],"collection":[{"href":"https:\/\/decorabalaguer.es\/es\/wp-json\/wp\/v2\/pages"}],"about":[{"href":"https:\/\/decorabalaguer.es\/es\/wp-json\/wp\/v2\/types\/page"}],"author":[{"embeddable":true,"href":"https:\/\/decorabalaguer.es\/es\/wp-json\/wp\/v2\/users\/1"}],"replies":[{"embeddable":true,"href":"https:\/\/decorabalaguer.es\/es\/wp-json\/wp\/v2\/comments?post=2385"}],"version-history":[{"count":1,"href":"https:\/\/decorabalaguer.es\/es\/wp-json\/wp\/v2\/pages\/2385\/revisions"}],"predecessor-version":[{"id":2386,"href":"https:\/\/decorabalaguer.es\/es\/wp-json\/wp\/v2\/pages\/2385\/revisions\/2386"}],"wp:attachment":[{"href":"https:\/\/decorabalaguer.es\/es\/wp-json\/wp\/v2\/media?parent=2385"}],"curies":[{"name":"wp","href":"https:\/\/api.w.org\/{rel}","templated":true}]}}