{"id":2393,"date":"2023-09-04T15:32:23","date_gmt":"2023-09-04T15:32:23","guid":{"rendered":"https:\/\/decorabalaguer.es\/?page_id=2393"},"modified":"2023-09-04T15:34:55","modified_gmt":"2023-09-04T15:34:55","slug":"metodos-de-pago","status":"publish","type":"page","link":"https:\/\/decorabalaguer.es\/es\/metodos-de-pago\/","title":{"rendered":"M\u00e9todos de pago"},"content":{"rendered":"<div>\n<h2 style=\"text-align: center;\">M\u00c9TODOS DE PAGO<\/h2>\n<\/div>\n<div style=\"text-align: left;\">\n<p>Los pagos de los pedidos se pueden realizar mediante tarjeta de cr\u00e9dito o d\u00e9bito a trav\u00e9s de <b>VISA &#8211; MASTERCARD &#8211; PAYPAL<\/b>.<\/p>\n<h3>Privacidad y seguridad<\/h3>\n<p>El sistema de pago <b>VISA &#8211; MASTERCARD &#8211; PAYPAL<\/b> es una forma confiable, segura y r\u00e1pida de realizar pagos en l\u00ednea. De hecho, como <b>VISA &#8211; MASTERCARD &#8211; PAYPAL<\/b> procesan los pagos directamente a nuestros clientes, <b>DECORA BALAGUER S.L.<\/b> no tendr\u00e1 acceso a los detalles bancarios de estos \u00faltimos.<br \/>\nHemos contratado el certificado SSL, que protege la privacidad del usuario mientras navega o compra en la web.<br \/>\nPara obtener m\u00e1s informaci\u00f3n, consulte nuestra <a href=\"\/&lt;u&gt;ENLACE-pol\u00edtica-de-privacidad&lt;\/u&gt;\/\">Pol\u00edtica de Privacidad<\/a> y nuestra <a href=\"\/&lt;u&gt;ENLACE-pol\u00edtica-de-cookies&lt;\/u&gt;\/\">Pol\u00edtica de Cookies<\/a>.<\/p>\n<\/div>\n","protected":false},"excerpt":{"rendered":"<p>M\u00c9TODOS DE PAGO Los pagos de los pedidos se pueden [&hellip;]<\/p>\n","protected":false},"author":1,"featured_media":0,"parent":0,"menu_order":0,"comment_status":"closed","ping_status":"closed","template":"","meta":{"footnotes":""},"class_list":["post-2393","page","type-page","status-publish","hentry"],"yoast_head":"<!-- This site is optimized with the Yoast SEO plugin v21.0 - https:\/\/yoast.com\/wordpress\/plugins\/seo\/ -->\n<title>M\u00e9todos de pago - Decora Balaguer<\/title>\n<meta name=\"robots\" content=\"index, follow, max-snippet:-1, max-image-preview:large, max-video-preview:-1\" \/>\n<link rel=\"canonical\" href=\"https:\/\/decorabalaguer.es\/es\/metodos-de-pago\/\" \/>\n<meta property=\"og:locale\" content=\"es_ES\" \/>\n<meta property=\"og:type\" content=\"article\" \/>\n<meta property=\"og:title\" content=\"M\u00e9todos de pago - Decora Balaguer\" \/>\n<meta property=\"og:description\" content=\"M\u00c9TODOS DE PAGO Los pagos de los pedidos se pueden [&hellip;]\" \/>\n<meta property=\"og:url\" content=\"https:\/\/decorabalaguer.es\/es\/metodos-de-pago\/\" \/>\n<meta property=\"og:site_name\" content=\"Decora Balaguer\" \/>\n<meta property=\"article:publisher\" content=\"https:\/\/www.facebook.com\/decorabalaguer\" \/>\n<meta property=\"article:modified_time\" content=\"2023-09-04T15:34:55+00:00\" \/>\n<meta name=\"twitter:card\" content=\"summary_large_image\" \/>\n<meta name=\"twitter:label1\" content=\"Tiempo de lectura\" \/>\n\t<meta name=\"twitter:data1\" content=\"1 minuto\" \/>\n<script type=\"application\/ld+json\" class=\"yoast-schema-graph\">{\"@context\":\"https:\/\/schema.org\",\"@graph\":[{\"@type\":\"WebPage\",\"@id\":\"https:\/\/decorabalaguer.es\/es\/metodos-de-pago\/\",\"url\":\"https:\/\/decorabalaguer.es\/es\/metodos-de-pago\/\",\"name\":\"M\u00e9todos de pago - Decora Balaguer\",\"isPartOf\":{\"@id\":\"https:\/\/decorabalaguer.es\/es\/#website\"},\"datePublished\":\"2023-09-04T15:32:23+00:00\",\"dateModified\":\"2023-09-04T15:34:55+00:00\",\"breadcrumb\":{\"@id\":\"https:\/\/decorabalaguer.es\/es\/metodos-de-pago\/#breadcrumb\"},\"inLanguage\":\"es\",\"potentialAction\":[{\"@type\":\"ReadAction\",\"target\":[\"https:\/\/decorabalaguer.es\/es\/metodos-de-pago\/\"]}]},{\"@type\":\"BreadcrumbList\",\"@id\":\"https:\/\/decorabalaguer.es\/es\/metodos-de-pago\/#breadcrumb\",\"itemListElement\":[{\"@type\":\"ListItem\",\"position\":1,\"name\":\"Portada\",\"item\":\"https:\/\/decorabalaguer.es\/es\/inicio\/\"},{\"@type\":\"ListItem\",\"position\":2,\"name\":\"M\u00e9todos de pago\"}]},{\"@type\":\"WebSite\",\"@id\":\"https:\/\/decorabalaguer.es\/es\/#website\",\"url\":\"https:\/\/decorabalaguer.es\/es\/\",\"name\":\"Decora Balaguer\",\"description\":\"Qualitat i servei\",\"publisher\":{\"@id\":\"https:\/\/decorabalaguer.es\/es\/#organization\"},\"potentialAction\":[{\"@type\":\"SearchAction\",\"target\":{\"@type\":\"EntryPoint\",\"urlTemplate\":\"https:\/\/decorabalaguer.es\/es\/?s={search_term_string}\"},\"query-input\":\"required name=search_term_string\"}],\"inLanguage\":\"es\"},{\"@type\":\"Organization\",\"@id\":\"https:\/\/decorabalaguer.es\/es\/#organization\",\"name\":\"Decora Balaguer\",\"url\":\"https:\/\/decorabalaguer.es\/es\/\",\"logo\":{\"@type\":\"ImageObject\",\"inLanguage\":\"es\",\"@id\":\"https:\/\/decorabalaguer.es\/es\/#\/schema\/logo\/image\/\",\"url\":\"https:\/\/decorabalaguer.es\/wp-content\/uploads\/2023\/06\/Logo_Decora_Balaguer_normal.png\",\"contentUrl\":\"https:\/\/decorabalaguer.es\/wp-content\/uploads\/2023\/06\/Logo_Decora_Balaguer_normal.png\",\"width\":315,\"height\":120,\"caption\":\"Decora Balaguer\"},\"image\":{\"@id\":\"https:\/\/decorabalaguer.es\/es\/#\/schema\/logo\/image\/\"},\"sameAs\":[\"https:\/\/www.facebook.com\/decorabalaguer\"]}]}<\/script>\n<!-- \/ Yoast SEO plugin. -->","yoast_head_json":{"title":"M\u00e9todos de pago - Decora Balaguer","robots":{"index":"index","follow":"follow","max-snippet":"max-snippet:-1","max-image-preview":"max-image-preview:large","max-video-preview":"max-video-preview:-1"},"canonical":"https:\/\/decorabalaguer.es\/es\/metodos-de-pago\/","og_locale":"es_ES","og_type":"article","og_title":"M\u00e9todos de pago - Decora Balaguer","og_description":"M\u00c9TODOS DE PAGO Los pagos de los pedidos se pueden [&hellip;]","og_url":"https:\/\/decorabalaguer.es\/es\/metodos-de-pago\/","og_site_name":"Decora Balaguer","article_publisher":"https:\/\/www.facebook.com\/decorabalaguer","article_modified_time":"2023-09-04T15:34:55+00:00","twitter_card":"summary_large_image","twitter_misc":{"Tiempo de lectura":"1 minuto"},"schema":{"@context":"https:\/\/schema.org","@graph":[{"@type":"WebPage","@id":"https:\/\/decorabalaguer.es\/es\/metodos-de-pago\/","url":"https:\/\/decorabalaguer.es\/es\/metodos-de-pago\/","name":"M\u00e9todos de pago - Decora Balaguer","isPartOf":{"@id":"https:\/\/decorabalaguer.es\/es\/#website"},"datePublished":"2023-09-04T15:32:23+00:00","dateModified":"2023-09-04T15:34:55+00:00","breadcrumb":{"@id":"https:\/\/decorabalaguer.es\/es\/metodos-de-pago\/#breadcrumb"},"inLanguage":"es","potentialAction":[{"@type":"ReadAction","target":["https:\/\/decorabalaguer.es\/es\/metodos-de-pago\/"]}]},{"@type":"BreadcrumbList","@id":"https:\/\/decorabalaguer.es\/es\/metodos-de-pago\/#breadcrumb","itemListElement":[{"@type":"ListItem","position":1,"name":"Portada","item":"https:\/\/decorabalaguer.es\/es\/inicio\/"},{"@type":"ListItem","position":2,"name":"M\u00e9todos de pago"}]},{"@type":"WebSite","@id":"https:\/\/decorabalaguer.es\/es\/#website","url":"https:\/\/decorabalaguer.es\/es\/","name":"Decora Balaguer","description":"Qualitat i servei","publisher":{"@id":"https:\/\/decorabalaguer.es\/es\/#organization"},"potentialAction":[{"@type":"SearchAction","target":{"@type":"EntryPoint","urlTemplate":"https:\/\/decorabalaguer.es\/es\/?s={search_term_string}"},"query-input":"required name=search_term_string"}],"inLanguage":"es"},{"@type":"Organization","@id":"https:\/\/decorabalaguer.es\/es\/#organization","name":"Decora Balaguer","url":"https:\/\/decorabalaguer.es\/es\/","logo":{"@type":"ImageObject","inLanguage":"es","@id":"https:\/\/decorabalaguer.es\/es\/#\/schema\/logo\/image\/","url":"https:\/\/decorabalaguer.es\/wp-content\/uploads\/2023\/06\/Logo_Decora_Balaguer_normal.png","contentUrl":"https:\/\/decorabalaguer.es\/wp-content\/uploads\/2023\/06\/Logo_Decora_Balaguer_normal.png","width":315,"height":120,"caption":"Decora Balaguer"},"image":{"@id":"https:\/\/decorabalaguer.es\/es\/#\/schema\/logo\/image\/"},"sameAs":["https:\/\/www.facebook.com\/decorabalaguer"]}]}},"_links":{"self":[{"href":"https:\/\/decorabalaguer.es\/es\/wp-json\/wp\/v2\/pages\/2393","targetHints":{"allow":["GET"]}}],"collection":[{"href":"https:\/\/decorabalaguer.es\/es\/wp-json\/wp\/v2\/pages"}],"about":[{"href":"https:\/\/decorabalaguer.es\/es\/wp-json\/wp\/v2\/types\/page"}],"author":[{"embeddable":true,"href":"https:\/\/decorabalaguer.es\/es\/wp-json\/wp\/v2\/users\/1"}],"replies":[{"embeddable":true,"href":"https:\/\/decorabalaguer.es\/es\/wp-json\/wp\/v2\/comments?post=2393"}],"version-history":[{"count":1,"href":"https:\/\/decorabalaguer.es\/es\/wp-json\/wp\/v2\/pages\/2393\/revisions"}],"predecessor-version":[{"id":2394,"href":"https:\/\/decorabalaguer.es\/es\/wp-json\/wp\/v2\/pages\/2393\/revisions\/2394"}],"wp:attachment":[{"href":"https:\/\/decorabalaguer.es\/es\/wp-json\/wp\/v2\/media?parent=2393"}],"curies":[{"name":"wp","href":"https:\/\/api.w.org\/{rel}","templated":true}]}}