{"id":2401,"date":"2023-09-04T15:38:17","date_gmt":"2023-09-04T15:38:17","guid":{"rendered":"https:\/\/decorabalaguer.es\/?page_id=2401"},"modified":"2023-09-04T15:41:34","modified_gmt":"2023-09-04T15:41:34","slug":"politica-de-privacidad","status":"publish","type":"page","link":"https:\/\/decorabalaguer.es\/es\/politica-de-privacidad\/","title":{"rendered":"Pol\u00edtica de privacidad"},"content":{"rendered":"<div>\n<div>\n<h2 style=\"text-align: center;\">POL\u00cdTICA DE PRIVACIDAD<\/h2>\n<\/div>\n<p style=\"text-align: left;\">En cumplimiento del Cap\u00edtulo II de la Ley 34\/2002, LSSICE, le informamos que este sitio web es propiedad de <b>DECORA BALAGUER S.L.<\/b>, en adelante tambi\u00e9n el Proveedor, con direcci\u00f3n en <b>C\/ ALMATA 74, 25600 BALAGUER<\/b>, n\u00famero de tel\u00e9fono: <b>+34 973 44 87 09<\/b> y correo electr\u00f3nico: <b>INFO@DECORABALAGUER.COM<\/b>.<\/p>\n<p style=\"text-align: left;\"><b>DECORA BALAGUER S.L.<\/b> es responsable de este sitio web y, de acuerdo con lo establecido en la normativa vigente sobre protecci\u00f3n de datos personales, Reglamento (UE) 2016\/679 de 27 de abril de 2016 (GDPR) relativo a la protecci\u00f3n de datos personales y la libre circulaci\u00f3n de dichos datos, Ley Org\u00e1nica Espa\u00f1ola 15\/1999 de 13 de diciembre de Protecci\u00f3n de Datos de Car\u00e1cter Personal (LOPD) y la Ley 34\/2002 de 11 de julio, de Servicios de la Sociedad de la Informaci\u00f3n y de Comercio Electr\u00f3nico (LSSICE), ha implementado todas las medidas de seguridad, tanto t\u00e9cnicas como organizativas, establecidas por el Real Decreto espa\u00f1ol 1720\/2007 de 21 de diciembre (que desarrolla la LOPD) para garantizar y proteger la confidencialidad, integridad y disponibilidad de los datos introducidos.<br \/>\nA los efectos de lo previsto en la LOPD, <b>DECORA BALAGUER S.L.<\/b> le informa de que la informaci\u00f3n que voluntariamente nos proporciona ser\u00e1 incorporada a nuestros sistemas de informaci\u00f3n con el fin de llevar a cabo las actuaciones necesarias para la gesti\u00f3n comercial y administrativa con los usuarios del sitio web. Las operaciones previstas para llevar a cabo son las siguientes: responder a las consultas y\/o proporcionar la informaci\u00f3n solicitada por el Usuario; realizar la prestaci\u00f3n de los servicios y\/o productos contratados o suscritos por el Usuario; llevar a cabo todas aquellas actividades de <b>DECORA BALAGUER S.L.<\/b> descritas en el presente aviso legal, y remitir el bolet\u00edn de noticias del sitio web.<br \/>\nEl firmante garantiza la veracidad de los datos proporcionados y se compromete a comunicar cualquier cambio que se produzca en los mismos.<br \/>\nEl Proveedor, marcado con un asterisco (*) en las casillas correspondientes del formulario de contacto, informa al Usuario de estas obligaciones, indicando qu\u00e9 datos son necesarios. Al indicar e introducir los datos, el Usuario otorga su consentimiento inequ\u00edvoco a CENTRE ASSISTENCIAL LA NOGUERA, S.L para que proceda al tratamiento de los mismos con las finalidades antes mencionadas.<br \/>\nLa falta de proporcionar los datos personales solicitados o de aceptar esta pol\u00edtica de protecci\u00f3n de datos supone la imposibilidad de suscribirse, registrarse o recibir informaci\u00f3n sobre los productos y servicios del Proveedor.<br \/>\nDe acuerdo con la normativa vigente en materia de protecci\u00f3n de datos personales, el Proveedor est\u00e1 cumpliendo con todas las disposiciones de las regulaciones GDPR y LOPD para el tratamiento de datos personales de su responsabilidad, marcando con los principios descritos en el Art\u00edculo 5 del RGPD y el Art\u00edculo 4 de la LOPD, por lo que son tratados de manera l\u00edcita, leal y transparente en relaci\u00f3n con el interesado y adecuados, pertinentes y limitados a lo necesario en relaci\u00f3n con los fines para los que son tratados.<br \/>\nEl RESPONSABLE DE DATOS garantiza que ha implementado pol\u00edticas t\u00e9cnicas y organizativas apropiadas para aplicar las medidas de seguridad establecidas por el GDPR y la LOPD para proteger los derechos y libertades de los Usuarios.<br \/>\nDe acuerdo con estas normativas, entonces, le informamos que tiene derecho a solicitar el acceso, rectificaci\u00f3n, portabilidad y supresi\u00f3n de sus datos y la limitaci\u00f3n y oposici\u00f3n a su tratamiento poni\u00e9ndose en contacto con un PL. DEL JUTGE, enviando un correo electr\u00f3nico a <b>INFO@DECORABALAGUER.COM<\/b>, indicando como Asunto: \u00abLOPD, Derechos ARCO\u00bb, y adjuntando una fotocopia de su DNI o cualquier otro documento de identificaci\u00f3n legal similar, seg\u00fan lo establecido por la ley. Tiene derecho a retirar el consentimiento dado en cualquier momento. La retirada del consentimiento no afectar\u00e1 a la licitud del tratamiento realizado antes de la retirada del consentimiento. Tambi\u00e9n tiene derecho a presentar una reclamaci\u00f3n ante la autoridad de control si considera que se han vulnerado sus derechos en relaci\u00f3n con la protecci\u00f3n de sus datos (agpd.es).<\/p>\n<\/div>\n<div>\n<h3 style=\"text-align: left;\"><b>CONFIDENCIALIDAD Y CESI\u00d3N DE DATOS A TERCEROS<\/b><\/h3>\n<p style=\"text-align: left;\">La informaci\u00f3n que proporcione ser\u00e1 tratada de forma confidencial. El Proveedor ha adoptado todas las medidas t\u00e9cnicas y organizativas y todos los niveles de protecci\u00f3n necesarios para garantizar la seguridad en el tratamiento de los datos y evitar su alteraci\u00f3n, p\u00e9rdida, robo, tratamiento o acceso no autorizado, de acuerdo con el estado de la tecnolog\u00eda y la naturaleza de los datos almacenados. Asimismo, se garantiza que el tratamiento y registro en ficheros, programas, sistemas o equipos, locales y centros cumplen con los requisitos y condiciones de integridad y seguridad establecidos en la normativa vigente.<br \/>\n<b>DECORA BALAGUER S.L.<\/b> no transferir\u00e1 datos personales a terceros, excepto por obligaci\u00f3n legal. Sin embargo, en el caso de ser transferidos a un tercero, se obtendr\u00eda previamente el consentimiento del Usuario solicitando la autorizaci\u00f3n expresa para dicha cesi\u00f3n. La entidad responsable de la base de datos, as\u00ed como las que intervengan en cualquier fase del tratamiento, y\/o las entidades a quienes se les haya notificado, -en todo caso siempre con la correspondiente autorizaci\u00f3n otorgada por el usuario-, est\u00e1n obligadas a observar el secreto profesional, la adopci\u00f3n de niveles de protecci\u00f3n, as\u00ed como medidas t\u00e9cnicas y organizativas necesarias para garantizar la seguridad de los datos personales, evitando, en la medida de lo posible, accesos no autorizados, modificaciones ilegales, sustracciones y\/o p\u00e9rdidas de datos, a fin de garantizar el nivel de seguridad adecuado a los ficheros del Proveedor, seg\u00fan la naturaleza y sensibilidad de los datos facilitados por los usuarios de este sitio web.<\/p>\n<\/div>\n<div>\n<h3 style=\"text-align: left;\"><b>ACEPTACI\u00d3N Y CONSENTIMIENTO<\/b><\/h3>\n<p style=\"text-align: left;\">El Usuario declara haber sido informado de las condiciones sobre protecci\u00f3n de datos de car\u00e1cter personal, aceptando y consintiendo el tratamiento automatizado de los mismos por parte de <b>DECORA BALAGUER S.L.<\/b> de la manera y para las finalidades indicadas en esta Pol\u00edtica de Protecci\u00f3n de Datos.<br \/>\nA trav\u00e9s de esta Pol\u00edtica de Privacidad, le informamos que las fotograf\u00edas que se publican en el sitio web son propiedad de <b>DECORA BALAGUER S.L.<\/b>, incluidas las de los menores, de las cuales, para obtener estas, se ha obtenido previamente el consentimiento de los padres, tutores o representantes legales firmando los formularios realizados al efecto por los centros en los que forman parte los menores. No obstante, los padres, tutores o representantes legales de los menores, como titulares legales del ejercicio de los derechos de los menores, y siempre previa solicitud formal por escrito, podr\u00e1n indicar la negativa al uso de la imagen del menor; en este caso, la imagen se mostrar\u00e1 pixelada.<\/p>\n<\/div>\n<div>\n<h3 style=\"text-align: left;\"><b>EXACTITUD Y VERACIDAD DE LOS DATOS<\/b><\/h3>\n<p style=\"text-align: left;\">El Usuario es el \u00fanico responsable de la veracidad y exactitud de los datos proporcionados a <b>DECORA BALAGUER S.L.<\/b>, eximiendo al Proveedor de cualquier responsabilidad en este sentido. Los usuarios garantizan y responden, en cualquier caso, de la exactitud, vigencia y autenticidad de los datos personales facilitados, y se comprometen a mantenerlos debidamente actualizados. El Usuario acepta proporcionar informaci\u00f3n completa y correcta en el formulario de registro o suscripci\u00f3n.<\/p>\n<\/div>\n<div>\n<h3 style=\"text-align: left;\"><b>CONTENIDO DE LOS ENLACES WEB<\/b><\/h3>\n<p style=\"text-align: left;\"><b>DECORA BALAGUER S.L.<\/b> se reserva el derecho a actualizar, modificar o eliminar la informaci\u00f3n contenida en el sitio web, pudiendo incluso limitar o no permitir el acceso a dicha informaci\u00f3n.<br \/>\n<b>DECORA BALAGUER S.L.<\/b> no asume ninguna responsabilidad por la informaci\u00f3n contenida en sitios web de terceros a los que se pueda acceder a trav\u00e9s de enlaces desde cualquier p\u00e1gina web propiedad del Proveedor.<br \/>\nLa presencia de enlaces tiene una finalidad meramente informativa y en ning\u00fan caso implica sugerencia, invitaci\u00f3n o reconocimiento sobre los mismos.<\/p>\n<\/div>\n<div>\n<h3 style=\"text-align: left;\"><b>ENV\u00cdO DE CV (CURRICULUM VITAE)<\/b><\/h3>\n<p style=\"text-align: left;\">En caso de que el Usuario env\u00ede su CV a trav\u00e9s de nuestro sitio web, le informamos que los datos proporcionados ser\u00e1n tratados para hacerle part\u00edcipe en los procesos de selecci\u00f3n que puedan existir, llevando a cabo un an\u00e1lisis del perfil del solicitante con el objetivo de seleccionar al mejor candidato para la vacante del Responsable. Le informamos que esta es la \u00fanica v\u00eda oficial para aceptar su CV, por lo que los CVs enviados por otro procedimiento no ser\u00e1n aceptados. En caso de producirse alguna modificaci\u00f3n en los datos, le rogamos nos lo comunique por escrito lo antes posible, con el fin de mantener sus datos debidamente actualizados.<br \/>\nLos datos se conservar\u00e1n durante un plazo m\u00e1ximo de un a\u00f1o, tras el cual los datos ser\u00e1n suprimidos garantizando una total confidencialidad tanto en el tratamiento como en su posterior destrucci\u00f3n. En este sentido, una vez transcurrido el mencionado plazo y si desea continuar participando en los procesos de selecci\u00f3n de la Entidad Responsable, le rogamos nos remita de nuevo su CV.<br \/>\nLos datos pueden ser tratados y\/o comunicados a las empresas miembros de nuestro grupo durante el tiempo de conservaci\u00f3n del curr\u00edculum y para los mismos fines previamente informados.<\/p>\n<\/div>\n<div>\n<h3 style=\"text-align: left;\"><b>SUSCRIPCI\u00d3N AL BLOG DE EMPRESA<\/b><\/h3>\n<p style=\"text-align: left;\">En caso de que el Usuario se suscriba al blog, le informamos que los datos proporcionados ser\u00e1n tratados para gestionar su suscripci\u00f3n al blog de informaci\u00f3n con avisos de actualizaci\u00f3n y que se conservar\u00e1n mientras exista un inter\u00e9s mutuo para dar por finalizado el tratamiento. Cuando ya no sea necesario para tal fin, se suprimir\u00e1n con medidas de seguridad adecuadas para garantizar la seudonimizaci\u00f3n de los datos o la destrucci\u00f3n total de los datos. Los datos no se comunicar\u00e1n a terceros, salvo obligaci\u00f3n legal.<\/p>\n<\/div>\n<div>\n<h3 style=\"text-align: left;\"><b>PARTICIPACI\u00d3N EN FOROS<\/b><\/h3>\n<p style=\"text-align: left;\">En caso de que el Usuario desee participar en los foros web, le informamos que los datos proporcionados ser\u00e1n tratados para regular la participaci\u00f3n en los mismos. Cualquier registro o transmisi\u00f3n de datos personales proporcionados por el Usuario en este foro implica el conocimiento y aceptaci\u00f3n inequ\u00edvocos del Aviso Legal y la Pol\u00edtica de Privacidad establecidos en el sitio web. Los datos se conservar\u00e1n mientras exista un inter\u00e9s mutuo para llegar al final del tratamiento y cuando ya no sean necesarios para tal fin, se suprimir\u00e1n con medidas de seguridad adecuadas para garantizar la seudonimizaci\u00f3n de los datos o la destrucci\u00f3n total de los datos. Las publicaciones se mostrar\u00e1n p\u00fablicamente a los Usuarios del foro en l\u00ednea.<\/p>\n<\/div>\n<div>\n<h3 style=\"text-align: left;\"><b>PUBLICACI\u00d3N DE TESTIMONIOS<\/b><\/h3>\n<p style=\"text-align: left;\">En caso de que el Usuario quiera publicar su opini\u00f3n en la web, le informamos que los datos proporcionados ser\u00e1n objeto de valoraci\u00f3n para abordar las sugerencias, experiencias u opiniones propuestas respecto a los productos y\/o servicios con el fin de ser publicados en el sitio web con el fin de ayudar a otros usuarios. Los datos se conservar\u00e1n mientras exista un inter\u00e9s mutuo para mantener hasta el final del acuerdo y cuando ya no sean necesarios para tal fin, se suprimir\u00e1n con medidas de seguridad adecuadas para garantizar la seudonimizaci\u00f3n de los datos o la destrucci\u00f3n total de los datos. Los testimonios se publicar\u00e1n en nuestro sitio web. Los \u00fanicos datos personales que se publicar\u00e1n en relaci\u00f3n con el autor del testimonio ser\u00e1n su nombre.<\/p>\n<\/div>\n<div>\n<h3 style=\"text-align: left;\"><b>CAMBIOS EN ESTA POL\u00cdTICA DE PRIVACIDAD<\/b><\/h3>\n<p style=\"text-align: left;\"><b>DECORA BALAGUER S.L.<\/b> se reserva el derecho de modificar la presente pol\u00edtica para adaptarla a nueva legislaci\u00f3n o jurisprudencia.<\/p>\n<\/div>\n<div>\n<h3 style=\"text-align: left;\"><b>CORREO COMERCIAL<\/b><\/h3>\n<p style=\"text-align: left;\"><b>DECORA BALAGUER S.L.<\/b> se reserva el derecho de modificar la presente pol\u00edtica para adaptarla a nueva legislaci\u00f3n o jurisprudencia.<br \/>\nDe acuerdo con la LSSICE, <b>DECORA BALAGUER S.L.<\/b> no realiza pr\u00e1cticas de SPAM, por lo tanto, no env\u00eda correos electr\u00f3nicos comerciales que no hayan sido previamente solicitados o autorizados por el Usuario. En consecuencia, en cada uno de los formularios de la P\u00e1gina Web, el Usuario tiene la posibilidad de dar su consentimiento expreso para recibir nuestros correos electr\u00f3nicos con boletines, independientemente de la informaci\u00f3n comercial puntualmente solicitada.<\/p>\n<\/div>\n<div>\n<h3 style=\"text-align: left;\"><b>LEGISLACI\u00d3N<\/b><\/h3>\n<p style=\"text-align: left;\">A todos los efectos, las relaciones entre <b>DECORA BALAGUER S.L.<\/b> y los Usuarios de sus servicios telem\u00e1ticos, presentes en este Sitio Web, est\u00e1n sometidas a la legislaci\u00f3n espa\u00f1ola y jurisdicci\u00f3n a la que se someten expresamente las partes, siendo competentes para la resoluci\u00f3n de todos los conflictos derivados o relacionados con su uso los Juzgados de Lleida.<\/p>\n<\/div>\n","protected":false},"excerpt":{"rendered":"<p>POL\u00cdTICA DE PRIVACIDAD En cumplimiento del Cap\u00edtulo II de la [&hellip;]<\/p>\n","protected":false},"author":1,"featured_media":0,"parent":0,"menu_order":0,"comment_status":"closed","ping_status":"closed","template":"","meta":{"footnotes":""},"class_list":["post-2401","page","type-page","status-publish","hentry"],"yoast_head":"<!-- This site is optimized with the Yoast SEO plugin v21.0 - https:\/\/yoast.com\/wordpress\/plugins\/seo\/ -->\n<title>Pol\u00edtica de privacidad - Decora Balaguer<\/title>\n<meta name=\"robots\" content=\"index, follow, max-snippet:-1, max-image-preview:large, max-video-preview:-1\" \/>\n<link rel=\"canonical\" href=\"https:\/\/decorabalaguer.es\/es\/politica-de-privacidad\/\" \/>\n<meta property=\"og:locale\" content=\"es_ES\" \/>\n<meta property=\"og:type\" content=\"article\" \/>\n<meta property=\"og:title\" content=\"Pol\u00edtica de privacidad - Decora Balaguer\" \/>\n<meta property=\"og:description\" content=\"POL\u00cdTICA DE PRIVACIDAD En cumplimiento del Cap\u00edtulo II de la [&hellip;]\" \/>\n<meta property=\"og:url\" content=\"https:\/\/decorabalaguer.es\/es\/politica-de-privacidad\/\" \/>\n<meta property=\"og:site_name\" content=\"Decora Balaguer\" \/>\n<meta property=\"article:publisher\" content=\"https:\/\/www.facebook.com\/decorabalaguer\" \/>\n<meta property=\"article:modified_time\" content=\"2023-09-04T15:41:34+00:00\" \/>\n<meta name=\"twitter:card\" content=\"summary_large_image\" \/>\n<meta name=\"twitter:label1\" content=\"Tiempo de lectura\" \/>\n\t<meta name=\"twitter:data1\" content=\"11 minutos\" \/>\n<script type=\"application\/ld+json\" class=\"yoast-schema-graph\">{\"@context\":\"https:\/\/schema.org\",\"@graph\":[{\"@type\":\"WebPage\",\"@id\":\"https:\/\/decorabalaguer.es\/es\/politica-de-privacidad\/\",\"url\":\"https:\/\/decorabalaguer.es\/es\/politica-de-privacidad\/\",\"name\":\"Pol\u00edtica de privacidad - Decora Balaguer\",\"isPartOf\":{\"@id\":\"https:\/\/decorabalaguer.es\/es\/#website\"},\"datePublished\":\"2023-09-04T15:38:17+00:00\",\"dateModified\":\"2023-09-04T15:41:34+00:00\",\"breadcrumb\":{\"@id\":\"https:\/\/decorabalaguer.es\/es\/politica-de-privacidad\/#breadcrumb\"},\"inLanguage\":\"es\",\"potentialAction\":[{\"@type\":\"ReadAction\",\"target\":[\"https:\/\/decorabalaguer.es\/es\/politica-de-privacidad\/\"]}]},{\"@type\":\"BreadcrumbList\",\"@id\":\"https:\/\/decorabalaguer.es\/es\/politica-de-privacidad\/#breadcrumb\",\"itemListElement\":[{\"@type\":\"ListItem\",\"position\":1,\"name\":\"Portada\",\"item\":\"https:\/\/decorabalaguer.es\/es\/inicio\/\"},{\"@type\":\"ListItem\",\"position\":2,\"name\":\"Pol\u00edtica de privacidad\"}]},{\"@type\":\"WebSite\",\"@id\":\"https:\/\/decorabalaguer.es\/es\/#website\",\"url\":\"https:\/\/decorabalaguer.es\/es\/\",\"name\":\"Decora Balaguer\",\"description\":\"Qualitat i servei\",\"publisher\":{\"@id\":\"https:\/\/decorabalaguer.es\/es\/#organization\"},\"potentialAction\":[{\"@type\":\"SearchAction\",\"target\":{\"@type\":\"EntryPoint\",\"urlTemplate\":\"https:\/\/decorabalaguer.es\/es\/?s={search_term_string}\"},\"query-input\":\"required name=search_term_string\"}],\"inLanguage\":\"es\"},{\"@type\":\"Organization\",\"@id\":\"https:\/\/decorabalaguer.es\/es\/#organization\",\"name\":\"Decora Balaguer\",\"url\":\"https:\/\/decorabalaguer.es\/es\/\",\"logo\":{\"@type\":\"ImageObject\",\"inLanguage\":\"es\",\"@id\":\"https:\/\/decorabalaguer.es\/es\/#\/schema\/logo\/image\/\",\"url\":\"https:\/\/decorabalaguer.es\/wp-content\/uploads\/2023\/06\/Logo_Decora_Balaguer_normal.png\",\"contentUrl\":\"https:\/\/decorabalaguer.es\/wp-content\/uploads\/2023\/06\/Logo_Decora_Balaguer_normal.png\",\"width\":315,\"height\":120,\"caption\":\"Decora Balaguer\"},\"image\":{\"@id\":\"https:\/\/decorabalaguer.es\/es\/#\/schema\/logo\/image\/\"},\"sameAs\":[\"https:\/\/www.facebook.com\/decorabalaguer\"]}]}<\/script>\n<!-- \/ Yoast SEO plugin. -->","yoast_head_json":{"title":"Pol\u00edtica de privacidad - Decora Balaguer","robots":{"index":"index","follow":"follow","max-snippet":"max-snippet:-1","max-image-preview":"max-image-preview:large","max-video-preview":"max-video-preview:-1"},"canonical":"https:\/\/decorabalaguer.es\/es\/politica-de-privacidad\/","og_locale":"es_ES","og_type":"article","og_title":"Pol\u00edtica de privacidad - Decora Balaguer","og_description":"POL\u00cdTICA DE PRIVACIDAD En cumplimiento del Cap\u00edtulo II de la [&hellip;]","og_url":"https:\/\/decorabalaguer.es\/es\/politica-de-privacidad\/","og_site_name":"Decora Balaguer","article_publisher":"https:\/\/www.facebook.com\/decorabalaguer","article_modified_time":"2023-09-04T15:41:34+00:00","twitter_card":"summary_large_image","twitter_misc":{"Tiempo de lectura":"11 minutos"},"schema":{"@context":"https:\/\/schema.org","@graph":[{"@type":"WebPage","@id":"https:\/\/decorabalaguer.es\/es\/politica-de-privacidad\/","url":"https:\/\/decorabalaguer.es\/es\/politica-de-privacidad\/","name":"Pol\u00edtica de privacidad - Decora Balaguer","isPartOf":{"@id":"https:\/\/decorabalaguer.es\/es\/#website"},"datePublished":"2023-09-04T15:38:17+00:00","dateModified":"2023-09-04T15:41:34+00:00","breadcrumb":{"@id":"https:\/\/decorabalaguer.es\/es\/politica-de-privacidad\/#breadcrumb"},"inLanguage":"es","potentialAction":[{"@type":"ReadAction","target":["https:\/\/decorabalaguer.es\/es\/politica-de-privacidad\/"]}]},{"@type":"BreadcrumbList","@id":"https:\/\/decorabalaguer.es\/es\/politica-de-privacidad\/#breadcrumb","itemListElement":[{"@type":"ListItem","position":1,"name":"Portada","item":"https:\/\/decorabalaguer.es\/es\/inicio\/"},{"@type":"ListItem","position":2,"name":"Pol\u00edtica de privacidad"}]},{"@type":"WebSite","@id":"https:\/\/decorabalaguer.es\/es\/#website","url":"https:\/\/decorabalaguer.es\/es\/","name":"Decora Balaguer","description":"Qualitat i servei","publisher":{"@id":"https:\/\/decorabalaguer.es\/es\/#organization"},"potentialAction":[{"@type":"SearchAction","target":{"@type":"EntryPoint","urlTemplate":"https:\/\/decorabalaguer.es\/es\/?s={search_term_string}"},"query-input":"required name=search_term_string"}],"inLanguage":"es"},{"@type":"Organization","@id":"https:\/\/decorabalaguer.es\/es\/#organization","name":"Decora Balaguer","url":"https:\/\/decorabalaguer.es\/es\/","logo":{"@type":"ImageObject","inLanguage":"es","@id":"https:\/\/decorabalaguer.es\/es\/#\/schema\/logo\/image\/","url":"https:\/\/decorabalaguer.es\/wp-content\/uploads\/2023\/06\/Logo_Decora_Balaguer_normal.png","contentUrl":"https:\/\/decorabalaguer.es\/wp-content\/uploads\/2023\/06\/Logo_Decora_Balaguer_normal.png","width":315,"height":120,"caption":"Decora Balaguer"},"image":{"@id":"https:\/\/decorabalaguer.es\/es\/#\/schema\/logo\/image\/"},"sameAs":["https:\/\/www.facebook.com\/decorabalaguer"]}]}},"_links":{"self":[{"href":"https:\/\/decorabalaguer.es\/es\/wp-json\/wp\/v2\/pages\/2401","targetHints":{"allow":["GET"]}}],"collection":[{"href":"https:\/\/decorabalaguer.es\/es\/wp-json\/wp\/v2\/pages"}],"about":[{"href":"https:\/\/decorabalaguer.es\/es\/wp-json\/wp\/v2\/types\/page"}],"author":[{"embeddable":true,"href":"https:\/\/decorabalaguer.es\/es\/wp-json\/wp\/v2\/users\/1"}],"replies":[{"embeddable":true,"href":"https:\/\/decorabalaguer.es\/es\/wp-json\/wp\/v2\/comments?post=2401"}],"version-history":[{"count":1,"href":"https:\/\/decorabalaguer.es\/es\/wp-json\/wp\/v2\/pages\/2401\/revisions"}],"predecessor-version":[{"id":2402,"href":"https:\/\/decorabalaguer.es\/es\/wp-json\/wp\/v2\/pages\/2401\/revisions\/2402"}],"wp:attachment":[{"href":"https:\/\/decorabalaguer.es\/es\/wp-json\/wp\/v2\/media?parent=2401"}],"curies":[{"name":"wp","href":"https:\/\/api.w.org\/{rel}","templated":true}]}}