{"id":2379,"date":"2023-09-04T10:36:18","date_gmt":"2023-09-04T10:36:18","guid":{"rendered":"https:\/\/decorabalaguer.es\/producto\/antiskid-aditivo-antideslizante\/"},"modified":"2023-09-06T10:11:30","modified_gmt":"2023-09-06T10:11:30","slug":"antiskid-aditivo-antiliscante","status":"publish","type":"product","link":"https:\/\/decorabalaguer.es\/es\/producto\/antiskid-aditivo-antiliscante\/","title":{"rendered":"ANTISKID &#8211; Aditivo Antideslizante"},"content":{"rendered":"<p>Aditivos antideslizantes de granulometr\u00eda controlada. Proporcionan texturado suave y uniforme, antideslizante, incluso sobre superficies mojadas. Para cualquier tipo de pintura, en el agua o en el disolvente. Hasta certificaci\u00f3n C-1, no indicada para rampas con inclinaci\u00f3n superior al 3%. F\u00e1cil limpieza. Agregar a la pintura l\u00edquida un m\u00e1ximo del 3% con agitaci\u00f3n lenta. Disponemos de otras granulometr\u00edas 0-0,5, 0-1 y 1-2 para los certificados C-2 y C-3. COV: No aplicable<\/p>\n<p>Certificaciones antideslizantes C1-C2-C3 seg\u00fan norma UNE-ENV 12633:2003 en diferentes pinturas y barnices.<\/p>\n","protected":false},"excerpt":{"rendered":"<p>Aditivos antideslizantes de granulometr\u00eda controlada.<\/p>\n","protected":false},"featured_media":2021,"template":"","meta":[],"product_cat":[49],"product_tag":[],"class_list":["post-2379","product","type-product","status-publish","has-post-thumbnail","hentry","product_cat-artico"],"yoast_head":"<!-- This site is optimized with the Yoast SEO plugin v21.0 - https:\/\/yoast.com\/wordpress\/plugins\/seo\/ -->\n<title>ANTISKID - Aditivo Antideslizante - Decora Balaguer<\/title>\n<meta name=\"robots\" content=\"index, follow, max-snippet:-1, max-image-preview:large, max-video-preview:-1\" \/>\n<link rel=\"canonical\" href=\"https:\/\/decorabalaguer.es\/es\/producto\/antiskid-aditivo-antiliscante\/\" \/>\n<meta property=\"og:locale\" content=\"es_ES\" \/>\n<meta property=\"og:type\" content=\"article\" \/>\n<meta property=\"og:title\" content=\"ANTISKID - Aditivo Antideslizante - Decora Balaguer\" \/>\n<meta property=\"og:description\" content=\"Aditivos antideslizantes de granulometr\u00eda controlada.\" \/>\n<meta property=\"og:url\" content=\"https:\/\/decorabalaguer.es\/es\/producto\/antiskid-aditivo-antiliscante\/\" \/>\n<meta property=\"og:site_name\" content=\"Decora Balaguer\" \/>\n<meta property=\"article:publisher\" content=\"https:\/\/www.facebook.com\/decorabalaguer\" \/>\n<meta property=\"article:modified_time\" content=\"2023-09-06T10:11:30+00:00\" \/>\n<meta property=\"og:image\" content=\"https:\/\/decorabalaguer.es\/wp-content\/uploads\/2023\/09\/Antiskid-scaled.jpg\" \/>\n\t<meta property=\"og:image:width\" content=\"1920\" \/>\n\t<meta property=\"og:image:height\" content=\"2560\" \/>\n\t<meta property=\"og:image:type\" content=\"image\/jpeg\" \/>\n<meta name=\"twitter:card\" content=\"summary_large_image\" \/>\n<script type=\"application\/ld+json\" class=\"yoast-schema-graph\">{\"@context\":\"https:\/\/schema.org\",\"@graph\":[{\"@type\":\"WebPage\",\"@id\":\"https:\/\/decorabalaguer.es\/es\/producto\/antiskid-aditivo-antiliscante\/\",\"url\":\"https:\/\/decorabalaguer.es\/es\/producto\/antiskid-aditivo-antiliscante\/\",\"name\":\"ANTISKID - Aditivo Antideslizante - Decora Balaguer\",\"isPartOf\":{\"@id\":\"https:\/\/decorabalaguer.es\/es\/#website\"},\"datePublished\":\"2023-09-04T10:36:18+00:00\",\"dateModified\":\"2023-09-06T10:11:30+00:00\",\"breadcrumb\":{\"@id\":\"https:\/\/decorabalaguer.es\/es\/producto\/antiskid-aditivo-antiliscante\/#breadcrumb\"},\"inLanguage\":\"es\",\"potentialAction\":[{\"@type\":\"ReadAction\",\"target\":[\"https:\/\/decorabalaguer.es\/es\/producto\/antiskid-aditivo-antiliscante\/\"]}]},{\"@type\":\"BreadcrumbList\",\"@id\":\"https:\/\/decorabalaguer.es\/es\/producto\/antiskid-aditivo-antiliscante\/#breadcrumb\",\"itemListElement\":[{\"@type\":\"ListItem\",\"position\":1,\"name\":\"Portada\",\"item\":\"https:\/\/decorabalaguer.es\/es\/inicio\/\"},{\"@type\":\"ListItem\",\"position\":2,\"name\":\"Tienda\",\"item\":\"https:\/\/decorabalaguer.es\/tenda\/\"},{\"@type\":\"ListItem\",\"position\":3,\"name\":\"ANTISKID &#8211; Aditivo Antideslizante\"}]},{\"@type\":\"WebSite\",\"@id\":\"https:\/\/decorabalaguer.es\/es\/#website\",\"url\":\"https:\/\/decorabalaguer.es\/es\/\",\"name\":\"Decora Balaguer\",\"description\":\"Qualitat i servei\",\"publisher\":{\"@id\":\"https:\/\/decorabalaguer.es\/es\/#organization\"},\"potentialAction\":[{\"@type\":\"SearchAction\",\"target\":{\"@type\":\"EntryPoint\",\"urlTemplate\":\"https:\/\/decorabalaguer.es\/es\/?s={search_term_string}\"},\"query-input\":\"required name=search_term_string\"}],\"inLanguage\":\"es\"},{\"@type\":\"Organization\",\"@id\":\"https:\/\/decorabalaguer.es\/es\/#organization\",\"name\":\"Decora Balaguer\",\"url\":\"https:\/\/decorabalaguer.es\/es\/\",\"logo\":{\"@type\":\"ImageObject\",\"inLanguage\":\"es\",\"@id\":\"https:\/\/decorabalaguer.es\/es\/#\/schema\/logo\/image\/\",\"url\":\"https:\/\/decorabalaguer.es\/wp-content\/uploads\/2023\/06\/Logo_Decora_Balaguer_normal.png\",\"contentUrl\":\"https:\/\/decorabalaguer.es\/wp-content\/uploads\/2023\/06\/Logo_Decora_Balaguer_normal.png\",\"width\":315,\"height\":120,\"caption\":\"Decora Balaguer\"},\"image\":{\"@id\":\"https:\/\/decorabalaguer.es\/es\/#\/schema\/logo\/image\/\"},\"sameAs\":[\"https:\/\/www.facebook.com\/decorabalaguer\"]}]}<\/script>\n<!-- \/ Yoast SEO plugin. -->","yoast_head_json":{"title":"ANTISKID - Aditivo Antideslizante - Decora Balaguer","robots":{"index":"index","follow":"follow","max-snippet":"max-snippet:-1","max-image-preview":"max-image-preview:large","max-video-preview":"max-video-preview:-1"},"canonical":"https:\/\/decorabalaguer.es\/es\/producto\/antiskid-aditivo-antiliscante\/","og_locale":"es_ES","og_type":"article","og_title":"ANTISKID - Aditivo Antideslizante - Decora Balaguer","og_description":"Aditivos antideslizantes de granulometr\u00eda controlada.","og_url":"https:\/\/decorabalaguer.es\/es\/producto\/antiskid-aditivo-antiliscante\/","og_site_name":"Decora Balaguer","article_publisher":"https:\/\/www.facebook.com\/decorabalaguer","article_modified_time":"2023-09-06T10:11:30+00:00","og_image":[{"width":1920,"height":2560,"url":"https:\/\/decorabalaguer.es\/wp-content\/uploads\/2023\/09\/Antiskid-scaled.jpg","type":"image\/jpeg"}],"twitter_card":"summary_large_image","schema":{"@context":"https:\/\/schema.org","@graph":[{"@type":"WebPage","@id":"https:\/\/decorabalaguer.es\/es\/producto\/antiskid-aditivo-antiliscante\/","url":"https:\/\/decorabalaguer.es\/es\/producto\/antiskid-aditivo-antiliscante\/","name":"ANTISKID - Aditivo Antideslizante - Decora Balaguer","isPartOf":{"@id":"https:\/\/decorabalaguer.es\/es\/#website"},"datePublished":"2023-09-04T10:36:18+00:00","dateModified":"2023-09-06T10:11:30+00:00","breadcrumb":{"@id":"https:\/\/decorabalaguer.es\/es\/producto\/antiskid-aditivo-antiliscante\/#breadcrumb"},"inLanguage":"es","potentialAction":[{"@type":"ReadAction","target":["https:\/\/decorabalaguer.es\/es\/producto\/antiskid-aditivo-antiliscante\/"]}]},{"@type":"BreadcrumbList","@id":"https:\/\/decorabalaguer.es\/es\/producto\/antiskid-aditivo-antiliscante\/#breadcrumb","itemListElement":[{"@type":"ListItem","position":1,"name":"Portada","item":"https:\/\/decorabalaguer.es\/es\/inicio\/"},{"@type":"ListItem","position":2,"name":"Tienda","item":"https:\/\/decorabalaguer.es\/tenda\/"},{"@type":"ListItem","position":3,"name":"ANTISKID &#8211; Aditivo Antideslizante"}]},{"@type":"WebSite","@id":"https:\/\/decorabalaguer.es\/es\/#website","url":"https:\/\/decorabalaguer.es\/es\/","name":"Decora Balaguer","description":"Qualitat i servei","publisher":{"@id":"https:\/\/decorabalaguer.es\/es\/#organization"},"potentialAction":[{"@type":"SearchAction","target":{"@type":"EntryPoint","urlTemplate":"https:\/\/decorabalaguer.es\/es\/?s={search_term_string}"},"query-input":"required name=search_term_string"}],"inLanguage":"es"},{"@type":"Organization","@id":"https:\/\/decorabalaguer.es\/es\/#organization","name":"Decora Balaguer","url":"https:\/\/decorabalaguer.es\/es\/","logo":{"@type":"ImageObject","inLanguage":"es","@id":"https:\/\/decorabalaguer.es\/es\/#\/schema\/logo\/image\/","url":"https:\/\/decorabalaguer.es\/wp-content\/uploads\/2023\/06\/Logo_Decora_Balaguer_normal.png","contentUrl":"https:\/\/decorabalaguer.es\/wp-content\/uploads\/2023\/06\/Logo_Decora_Balaguer_normal.png","width":315,"height":120,"caption":"Decora Balaguer"},"image":{"@id":"https:\/\/decorabalaguer.es\/es\/#\/schema\/logo\/image\/"},"sameAs":["https:\/\/www.facebook.com\/decorabalaguer"]}]}},"_links":{"self":[{"href":"https:\/\/decorabalaguer.es\/es\/wp-json\/wp\/v2\/product\/2379","targetHints":{"allow":["GET"]}}],"collection":[{"href":"https:\/\/decorabalaguer.es\/es\/wp-json\/wp\/v2\/product"}],"about":[{"href":"https:\/\/decorabalaguer.es\/es\/wp-json\/wp\/v2\/types\/product"}],"wp:featuredmedia":[{"embeddable":true,"href":"https:\/\/decorabalaguer.es\/es\/wp-json\/wp\/v2\/media\/2021"}],"wp:attachment":[{"href":"https:\/\/decorabalaguer.es\/es\/wp-json\/wp\/v2\/media?parent=2379"}],"wp:term":[{"taxonomy":"product_cat","embeddable":true,"href":"https:\/\/decorabalaguer.es\/es\/wp-json\/wp\/v2\/product_cat?post=2379"},{"taxonomy":"product_tag","embeddable":true,"href":"https:\/\/decorabalaguer.es\/es\/wp-json\/wp\/v2\/product_tag?post=2379"}],"curies":[{"name":"wp","href":"https:\/\/api.w.org\/{rel}","templated":true}]}}