{"id":2380,"date":"2023-09-04T10:30:22","date_gmt":"2023-09-04T10:30:22","guid":{"rendered":"https:\/\/decorabalaguer.es\/producto\/vinylmat-copolimero-vinilico-mat\/"},"modified":"2023-09-06T10:11:30","modified_gmt":"2023-09-06T10:11:30","slug":"vinylmat-copolimer-vinilico-mate","status":"publish","type":"product","link":"https:\/\/decorabalaguer.es\/es\/producto\/vinylmat-copolimer-vinilico-mate\/","title":{"rendered":"VINYLMAT &#8211; Copol\u00edmero Vin\u00edlico (Mat)"},"content":{"rendered":"<p>Copol\u00edmeros vin\u00edlicos de acabado mate a la vista y sedoso al tacto. Con pigmentos de granulometr\u00eda seleccionada para mejorar la opacidad y blancura. Sin luces par\u00e1sitas, es perfecto para los repasos y para trabajos contra luz. El secado inicial lento y gran nivelaci\u00f3n favorecen el trabajo en las decoraciones de interiores incluso en los colores intensos. No salpica ni gotea. Suave aplicaci\u00f3n. Muy dura y de f\u00e1cil limpieza. Ideal tambi\u00e9n para cart\u00f3n yeso (pladur), yesos proyectados. Blanco y colores. COV 5g\/l 2010 30g\/l<\/p>\n","protected":false},"excerpt":{"rendered":"<p>Copol\u00edmeros vin\u00edlicos de acabado mate a la vista y sedoso al tacto.<\/p>\n","protected":false},"featured_media":2017,"template":"","meta":[],"product_cat":[49],"product_tag":[],"class_list":["post-2380","product","type-product","status-publish","has-post-thumbnail","hentry","product_cat-artico"],"yoast_head":"<!-- This site is optimized with the Yoast SEO plugin v21.0 - https:\/\/yoast.com\/wordpress\/plugins\/seo\/ -->\n<title>VINYLMAT - Copol\u00edmero Vin\u00edlico (Mat) - Decora Balaguer<\/title>\n<meta name=\"robots\" content=\"index, follow, max-snippet:-1, max-image-preview:large, max-video-preview:-1\" \/>\n<link rel=\"canonical\" href=\"https:\/\/decorabalaguer.es\/es\/producto\/vinylmat-copolimer-vinilico-mate\/\" \/>\n<meta property=\"og:locale\" content=\"es_ES\" \/>\n<meta property=\"og:type\" content=\"article\" \/>\n<meta property=\"og:title\" content=\"VINYLMAT - Copol\u00edmero Vin\u00edlico (Mat) - Decora Balaguer\" \/>\n<meta property=\"og:description\" content=\"Copol\u00edmeros vin\u00edlicos de acabado mate a la vista y sedoso al tacto.\" \/>\n<meta property=\"og:url\" content=\"https:\/\/decorabalaguer.es\/es\/producto\/vinylmat-copolimer-vinilico-mate\/\" \/>\n<meta property=\"og:site_name\" content=\"Decora Balaguer\" \/>\n<meta property=\"article:publisher\" content=\"https:\/\/www.facebook.com\/decorabalaguer\" \/>\n<meta property=\"article:modified_time\" content=\"2023-09-06T10:11:30+00:00\" \/>\n<meta property=\"og:image\" content=\"https:\/\/decorabalaguer.es\/wp-content\/uploads\/2023\/09\/Vinylmat-scaled.jpg\" \/>\n\t<meta property=\"og:image:width\" content=\"1920\" \/>\n\t<meta property=\"og:image:height\" content=\"2560\" \/>\n\t<meta property=\"og:image:type\" content=\"image\/jpeg\" \/>\n<meta name=\"twitter:card\" content=\"summary_large_image\" \/>\n<script type=\"application\/ld+json\" class=\"yoast-schema-graph\">{\"@context\":\"https:\/\/schema.org\",\"@graph\":[{\"@type\":\"WebPage\",\"@id\":\"https:\/\/decorabalaguer.es\/es\/producto\/vinylmat-copolimer-vinilico-mate\/\",\"url\":\"https:\/\/decorabalaguer.es\/es\/producto\/vinylmat-copolimer-vinilico-mate\/\",\"name\":\"VINYLMAT - Copol\u00edmero Vin\u00edlico (Mat) - Decora Balaguer\",\"isPartOf\":{\"@id\":\"https:\/\/decorabalaguer.es\/es\/#website\"},\"datePublished\":\"2023-09-04T10:30:22+00:00\",\"dateModified\":\"2023-09-06T10:11:30+00:00\",\"breadcrumb\":{\"@id\":\"https:\/\/decorabalaguer.es\/es\/producto\/vinylmat-copolimer-vinilico-mate\/#breadcrumb\"},\"inLanguage\":\"es\",\"potentialAction\":[{\"@type\":\"ReadAction\",\"target\":[\"https:\/\/decorabalaguer.es\/es\/producto\/vinylmat-copolimer-vinilico-mate\/\"]}]},{\"@type\":\"BreadcrumbList\",\"@id\":\"https:\/\/decorabalaguer.es\/es\/producto\/vinylmat-copolimer-vinilico-mate\/#breadcrumb\",\"itemListElement\":[{\"@type\":\"ListItem\",\"position\":1,\"name\":\"Portada\",\"item\":\"https:\/\/decorabalaguer.es\/es\/inicio\/\"},{\"@type\":\"ListItem\",\"position\":2,\"name\":\"Tienda\",\"item\":\"https:\/\/decorabalaguer.es\/tenda\/\"},{\"@type\":\"ListItem\",\"position\":3,\"name\":\"VINYLMAT &#8211; Copol\u00edmero Vin\u00edlico (Mat)\"}]},{\"@type\":\"WebSite\",\"@id\":\"https:\/\/decorabalaguer.es\/es\/#website\",\"url\":\"https:\/\/decorabalaguer.es\/es\/\",\"name\":\"Decora Balaguer\",\"description\":\"Qualitat i servei\",\"publisher\":{\"@id\":\"https:\/\/decorabalaguer.es\/es\/#organization\"},\"potentialAction\":[{\"@type\":\"SearchAction\",\"target\":{\"@type\":\"EntryPoint\",\"urlTemplate\":\"https:\/\/decorabalaguer.es\/es\/?s={search_term_string}\"},\"query-input\":\"required name=search_term_string\"}],\"inLanguage\":\"es\"},{\"@type\":\"Organization\",\"@id\":\"https:\/\/decorabalaguer.es\/es\/#organization\",\"name\":\"Decora Balaguer\",\"url\":\"https:\/\/decorabalaguer.es\/es\/\",\"logo\":{\"@type\":\"ImageObject\",\"inLanguage\":\"es\",\"@id\":\"https:\/\/decorabalaguer.es\/es\/#\/schema\/logo\/image\/\",\"url\":\"https:\/\/decorabalaguer.es\/wp-content\/uploads\/2023\/06\/Logo_Decora_Balaguer_normal.png\",\"contentUrl\":\"https:\/\/decorabalaguer.es\/wp-content\/uploads\/2023\/06\/Logo_Decora_Balaguer_normal.png\",\"width\":315,\"height\":120,\"caption\":\"Decora Balaguer\"},\"image\":{\"@id\":\"https:\/\/decorabalaguer.es\/es\/#\/schema\/logo\/image\/\"},\"sameAs\":[\"https:\/\/www.facebook.com\/decorabalaguer\"]}]}<\/script>\n<!-- \/ Yoast SEO plugin. -->","yoast_head_json":{"title":"VINYLMAT - Copol\u00edmero Vin\u00edlico (Mat) - Decora Balaguer","robots":{"index":"index","follow":"follow","max-snippet":"max-snippet:-1","max-image-preview":"max-image-preview:large","max-video-preview":"max-video-preview:-1"},"canonical":"https:\/\/decorabalaguer.es\/es\/producto\/vinylmat-copolimer-vinilico-mate\/","og_locale":"es_ES","og_type":"article","og_title":"VINYLMAT - Copol\u00edmero Vin\u00edlico (Mat) - Decora Balaguer","og_description":"Copol\u00edmeros vin\u00edlicos de acabado mate a la vista y sedoso al tacto.","og_url":"https:\/\/decorabalaguer.es\/es\/producto\/vinylmat-copolimer-vinilico-mate\/","og_site_name":"Decora Balaguer","article_publisher":"https:\/\/www.facebook.com\/decorabalaguer","article_modified_time":"2023-09-06T10:11:30+00:00","og_image":[{"width":1920,"height":2560,"url":"https:\/\/decorabalaguer.es\/wp-content\/uploads\/2023\/09\/Vinylmat-scaled.jpg","type":"image\/jpeg"}],"twitter_card":"summary_large_image","schema":{"@context":"https:\/\/schema.org","@graph":[{"@type":"WebPage","@id":"https:\/\/decorabalaguer.es\/es\/producto\/vinylmat-copolimer-vinilico-mate\/","url":"https:\/\/decorabalaguer.es\/es\/producto\/vinylmat-copolimer-vinilico-mate\/","name":"VINYLMAT - Copol\u00edmero Vin\u00edlico (Mat) - Decora Balaguer","isPartOf":{"@id":"https:\/\/decorabalaguer.es\/es\/#website"},"datePublished":"2023-09-04T10:30:22+00:00","dateModified":"2023-09-06T10:11:30+00:00","breadcrumb":{"@id":"https:\/\/decorabalaguer.es\/es\/producto\/vinylmat-copolimer-vinilico-mate\/#breadcrumb"},"inLanguage":"es","potentialAction":[{"@type":"ReadAction","target":["https:\/\/decorabalaguer.es\/es\/producto\/vinylmat-copolimer-vinilico-mate\/"]}]},{"@type":"BreadcrumbList","@id":"https:\/\/decorabalaguer.es\/es\/producto\/vinylmat-copolimer-vinilico-mate\/#breadcrumb","itemListElement":[{"@type":"ListItem","position":1,"name":"Portada","item":"https:\/\/decorabalaguer.es\/es\/inicio\/"},{"@type":"ListItem","position":2,"name":"Tienda","item":"https:\/\/decorabalaguer.es\/tenda\/"},{"@type":"ListItem","position":3,"name":"VINYLMAT &#8211; Copol\u00edmero Vin\u00edlico (Mat)"}]},{"@type":"WebSite","@id":"https:\/\/decorabalaguer.es\/es\/#website","url":"https:\/\/decorabalaguer.es\/es\/","name":"Decora Balaguer","description":"Qualitat i servei","publisher":{"@id":"https:\/\/decorabalaguer.es\/es\/#organization"},"potentialAction":[{"@type":"SearchAction","target":{"@type":"EntryPoint","urlTemplate":"https:\/\/decorabalaguer.es\/es\/?s={search_term_string}"},"query-input":"required name=search_term_string"}],"inLanguage":"es"},{"@type":"Organization","@id":"https:\/\/decorabalaguer.es\/es\/#organization","name":"Decora Balaguer","url":"https:\/\/decorabalaguer.es\/es\/","logo":{"@type":"ImageObject","inLanguage":"es","@id":"https:\/\/decorabalaguer.es\/es\/#\/schema\/logo\/image\/","url":"https:\/\/decorabalaguer.es\/wp-content\/uploads\/2023\/06\/Logo_Decora_Balaguer_normal.png","contentUrl":"https:\/\/decorabalaguer.es\/wp-content\/uploads\/2023\/06\/Logo_Decora_Balaguer_normal.png","width":315,"height":120,"caption":"Decora Balaguer"},"image":{"@id":"https:\/\/decorabalaguer.es\/es\/#\/schema\/logo\/image\/"},"sameAs":["https:\/\/www.facebook.com\/decorabalaguer"]}]}},"_links":{"self":[{"href":"https:\/\/decorabalaguer.es\/es\/wp-json\/wp\/v2\/product\/2380","targetHints":{"allow":["GET"]}}],"collection":[{"href":"https:\/\/decorabalaguer.es\/es\/wp-json\/wp\/v2\/product"}],"about":[{"href":"https:\/\/decorabalaguer.es\/es\/wp-json\/wp\/v2\/types\/product"}],"wp:featuredmedia":[{"embeddable":true,"href":"https:\/\/decorabalaguer.es\/es\/wp-json\/wp\/v2\/media\/2017"}],"wp:attachment":[{"href":"https:\/\/decorabalaguer.es\/es\/wp-json\/wp\/v2\/media?parent=2380"}],"wp:term":[{"taxonomy":"product_cat","embeddable":true,"href":"https:\/\/decorabalaguer.es\/es\/wp-json\/wp\/v2\/product_cat?post=2380"},{"taxonomy":"product_tag","embeddable":true,"href":"https:\/\/decorabalaguer.es\/es\/wp-json\/wp\/v2\/product_tag?post=2380"}],"curies":[{"name":"wp","href":"https:\/\/api.w.org\/{rel}","templated":true}]}}